{"id":1984,"date":"2023-12-13T08:49:15","date_gmt":"2023-12-13T08:49:15","guid":{"rendered":"https:\/\/archi.oceanthemes.site\/?page_id=1984"},"modified":"2026-01-22T00:30:47","modified_gmt":"2026-01-22T00:30:47","slug":"herstellung-hochwertiger-materialien","status":"publish","type":"page","link":"https:\/\/algartoldos.pt\/de\/neue-dienstleistungen\/herstellung-hochwertiger-materialien\/","title":{"rendered":"Fertigung &amp; Hochwertige Materialien"},"content":{"rendered":"<div data-elementor-type=\"wp-page\" data-elementor-id=\"1984\" class=\"elementor elementor-1984\" data-elementor-post-type=\"page\">\n\t\t\t\t<div class=\"elementor-element elementor-element-7c2ac6c e-flex e-con-boxed e-con e-parent\" data-id=\"7c2ac6c\" data-element_type=\"container\" data-settings=\"{&quot;background_background&quot;:&quot;classic&quot;}\">\n\t\t\t\t\t<div class=\"e-con-inner\">\n\t\t<div class=\"elementor-element elementor-element-62857fc e-con-full e-flex e-con e-child\" data-id=\"62857fc\" data-element_type=\"container\">\n\t\t\t\t<div class=\"elementor-element elementor-element-4f7d2b1 elementor-align-left elementor-widget elementor-widget-ot-btn\" data-id=\"4f7d2b1\" data-element_type=\"widget\" data-widget_type=\"ot-btn.default\">\n\t\t\t\t<div class=\"elementor-widget-container\">\n\t\t\t\t\t\t\t<div class=\"ot-button-wrapper\">\r\n\t\t\t<a href=\"https:\/\/algartoldos.pt\/de\/neue-dienstleistungen\/unsere-dienstleistungen-2\/\" class=\"octf-btn\">\r\n\t\t\t\tUnsere Dienstleistungen\t\t\t\t\t\t\t<\/a>\r\n\t    <\/div>\r\n\t    \t\t\t\t<\/div>\n\t\t\t\t<\/div>\n\t\t\t\t<div class=\"elementor-element elementor-element-0659e05 elementor-align-left elementor-widget elementor-widget-ot-btn\" data-id=\"0659e05\" data-element_type=\"widget\" data-widget_type=\"ot-btn.default\">\n\t\t\t\t<div class=\"elementor-widget-container\">\n\t\t\t\t\t\t\t<div class=\"ot-button-wrapper\">\r\n\t\t\t<a href=\"https:\/\/algartoldos.pt\/de\/neue-dienstleistungen\/bioklimatische-losungsgestaltung\/\" class=\"octf-btn\">\r\n\t\t\t\tDesign bioklimatischer L\u00f6sungen\t\t\t\t\t\t\t<\/a>\r\n\t    <\/div>\r\n\t    \t\t\t\t<\/div>\n\t\t\t\t<\/div>\n\t\t\t\t<div class=\"elementor-element elementor-element-18ae232 elementor-align-left elementor-widget elementor-widget-ot-btn\" data-id=\"18ae232\" data-element_type=\"widget\" data-widget_type=\"ot-btn.default\">\n\t\t\t\t<div class=\"elementor-widget-container\">\n\t\t\t\t\t\t\t<div class=\"ot-button-wrapper\">\r\n\t\t\t<a href=\"https:\/\/algartoldos.pt\/de\/neue-dienstleistungen\/kundenspezifische-projektentwicklung\/\" class=\"octf-btn\">\r\n\t\t\t\tKundenspezifische Projektentwicklung\t\t\t\t\t\t\t<\/a>\r\n\t    <\/div>\r\n\t    \t\t\t\t<\/div>\n\t\t\t\t<\/div>\n\t\t\t\t<div class=\"elementor-element elementor-element-902d34d elementor-align-left elementor-widget elementor-widget-ot-btn\" data-id=\"902d34d\" data-element_type=\"widget\" data-widget_type=\"ot-btn.default\">\n\t\t\t\t<div class=\"elementor-widget-container\">\n\t\t\t\t\t\t\t<div class=\"ot-button-wrapper\">\r\n\t\t\t<a href=\"https:\/\/algartoldos.pt\/de\/neue-dienstleistungen\/herstellung-hochwertiger-materialien\/\" class=\"octf-btn\">\r\n\t\t\t\tFertigung &amp; Hochwertige Materialien\t\t\t\t\t\t\t<\/a>\r\n\t    <\/div>\r\n\t    \t\t\t\t<\/div>\n\t\t\t\t<\/div>\n\t\t\t\t<div class=\"elementor-element elementor-element-adfa43f elementor-align-left elementor-widget elementor-widget-ot-btn\" data-id=\"adfa43f\" data-element_type=\"widget\" data-widget_type=\"ot-btn.default\">\n\t\t\t\t<div class=\"elementor-widget-container\">\n\t\t\t\t\t\t\t<div class=\"ot-button-wrapper\">\r\n\t\t\t<a href=\"https:\/\/algartoldos.pt\/de\/neue-dienstleistungen\/professionelle-installation\/\" class=\"octf-btn\">\r\n\t\t\t\tProfessionelle Installation\t\t\t\t\t\t\t<\/a>\r\n\t    <\/div>\r\n\t    \t\t\t\t<\/div>\n\t\t\t\t<\/div>\n\t\t\t\t<div class=\"elementor-element elementor-element-89a813f elementor-align-left elementor-widget elementor-widget-ot-btn\" data-id=\"89a813f\" data-element_type=\"widget\" data-widget_type=\"ot-btn.default\">\n\t\t\t\t<div class=\"elementor-widget-container\">\n\t\t\t\t\t\t\t<div class=\"ot-button-wrapper\">\r\n\t\t\t<a href=\"https:\/\/algartoldos.pt\/de\/neue-dienstleistungen\/wartung-reparaturen-austausch\/\" class=\"octf-btn\">\r\n\t\t\t\tWartung, Reparaturen &amp; Austausch\t\t\t\t\t\t\t<\/a>\r\n\t    <\/div>\r\n\t    \t\t\t\t<\/div>\n\t\t\t\t<\/div>\n\t\t\t\t<div class=\"elementor-element elementor-element-9f7e2d1 elementor-align-left elementor-widget elementor-widget-ot-btn\" data-id=\"9f7e2d1\" data-element_type=\"widget\" data-widget_type=\"ot-btn.default\">\n\t\t\t\t<div class=\"elementor-widget-container\">\n\t\t\t\t\t\t\t<div class=\"ot-button-wrapper\">\r\n\t\t\t<a href=\"https:\/\/algartoldos.pt\/de\/neue-dienstleistungen\/technische-supportberatung\/\" class=\"octf-btn\">\r\n\t\t\t\tTechnischer Support &amp; Beratung\t\t\t\t\t\t\t<\/a>\r\n\t    <\/div>\r\n\t    \t\t\t\t<\/div>\n\t\t\t\t<\/div>\n\t\t\t\t<\/div>\n\t\t<div class=\"elementor-element elementor-element-c65783c e-con-full e-flex e-con e-child\" data-id=\"c65783c\" data-element_type=\"container\">\n\t\t<div class=\"elementor-element elementor-element-4a29bed e-flex e-con-boxed e-con e-child\" data-id=\"4a29bed\" data-element_type=\"container\">\n\t\t\t\t\t<div class=\"e-con-inner\">\n\t\t\t\t<div class=\"elementor-element elementor-element-f3ab8af elementor-widget elementor-widget-text-editor\" data-id=\"f3ab8af\" data-element_type=\"widget\" data-widget_type=\"text-editor.default\">\n\t\t\t\t\t\t\t\t\t<p data-start=\"190\" data-end=\"568\">Wir fertigen all unsere bioklimatischen Systeme, Sonnensegel und Markisen ausschlie\u00dflich aus hochwertigen, zertifizierten Materialien, die Langlebigkeit, Leistungsf\u00e4higkeit und Zuverl\u00e4ssigkeit garantieren. Jede Komponente wird sorgf\u00e4ltig ausgew\u00e4hlt, um Sonneneinstrahlung, Wind, Regen und anderen Witterungseinfl\u00fcssen standzuhalten. So stellen wir sicher, dass Ihre Beschattungsl\u00f6sungen f\u00fcr den Au\u00dfenbereich \u00fcber Jahre hinweg funktional und optisch ansprechend bleiben.<\/p><p data-start=\"570\" data-end=\"903\">Unser Fertigungsprozess vereint fortschrittliche Techniken mit sorgf\u00e4ltiger Handwerkskunst und erm\u00f6glicht uns so die Herstellung ma\u00dfgeschneiderter L\u00f6sungen, die exakt auf die Anforderungen jedes Projekts zugeschnitten sind. Jedes Detail, von der strukturellen Integrit\u00e4t bis hin zu den letzten Feinheiten, wird sorgf\u00e4ltig kontrolliert, um eine gleichbleibende Qualit\u00e4t zu gew\u00e4hrleisten und h\u00f6chste Branchenstandards zu erf\u00fcllen.<\/p><p data-start=\"905\" data-end=\"1257\">Durch die Kombination hochwertiger Materialien mit pr\u00e4ziser Fertigung gew\u00e4hrleisten wir, dass alle Systeme au\u00dfergew\u00f6hnlichen Komfort, Schutz und Langlebigkeit bieten. Unser Qualit\u00e4tsanspruch in jeder Phase \u2013 von der Materialauswahl bis zur Endmontage \u2013 garantiert Ihnen, dass Ihre Investition in Au\u00dfenbeschattungsl\u00f6sungen zuverl\u00e4ssige Leistung, Sicherheit und \u00e4sthetische Exzellenz bietet.<\/p>\t\t\t\t\t\t\t\t<\/div>\n\t\t\t\t\t<\/div>\n\t\t\t\t<\/div>\n\t\t<div class=\"elementor-element elementor-element-abd8f58 e-flex e-con-boxed e-con e-child\" data-id=\"abd8f58\" data-element_type=\"container\">\n\t\t\t\t\t<div class=\"e-con-inner\">\n\t\t\t\t<div class=\"elementor-element elementor-element-7e386fe elementor-widget elementor-widget-image\" data-id=\"7e386fe\" data-element_type=\"widget\" data-widget_type=\"image.default\">\n\t\t\t\t\t\t\t\t\t\t\t\t\t\t\t<img fetchpriority=\"high\" decoding=\"async\" width=\"1024\" height=\"1536\" src=\"https:\/\/algartoldos.pt\/wp-content\/uploads\/2026\/01\/Manufacturing-High-Quality-Materials-1.png\" class=\"attachment-full size-full wp-image-7221\" alt=\"Fertigung &amp; Hochwertige Materialien\" srcset=\"https:\/\/algartoldos.pt\/wp-content\/uploads\/2026\/01\/Manufacturing-High-Quality-Materials-1.png 1024w, https:\/\/algartoldos.pt\/wp-content\/uploads\/2026\/01\/Manufacturing-High-Quality-Materials-1-200x300.png 200w, https:\/\/algartoldos.pt\/wp-content\/uploads\/2026\/01\/Manufacturing-High-Quality-Materials-1-683x1024.png 683w, https:\/\/algartoldos.pt\/wp-content\/uploads\/2026\/01\/Manufacturing-High-Quality-Materials-1-768x1152.png 768w, https:\/\/algartoldos.pt\/wp-content\/uploads\/2026\/01\/Manufacturing-High-Quality-Materials-1-8x12.png 8w\" sizes=\"(max-width: 1024px) 100vw, 1024px\" \/>\t\t\t\t\t\t\t\t\t\t\t\t\t\t\t<\/div>\n\t\t\t\t\t<\/div>\n\t\t\t\t<\/div>\n\t\t\t\t<\/div>\n\t\t\t\t\t<\/div>\n\t\t\t\t<\/div>\n\t\t<div class=\"elementor-element elementor-element-f261216 e-flex e-con-boxed e-con e-parent\" data-id=\"f261216\" data-element_type=\"container\" data-settings=\"{&quot;background_background&quot;:&quot;classic&quot;}\">\n\t\t\t\t\t<div class=\"e-con-inner\">\n\t\t\t\t<div class=\"elementor-element elementor-element-30042cf elementor-align-center elementor-widget elementor-widget-ot-btn\" data-id=\"30042cf\" data-element_type=\"widget\" data-widget_type=\"ot-btn.default\">\n\t\t\t\t<div class=\"elementor-widget-container\">\n\t\t\t\t\t\t\t<div class=\"ot-button-wrapper\">\r\n\t\t\t<a href=\"https:\/\/algartoldos.pt\/pt\/contact\/\" class=\"octf-btn with-icon\">\r\n\t\t\t\tAngebot anfordern\t\t\t\t\t\t\t\t\t<svg aria-hidden=\"true\" class=\"e-font-icon-svg e-fas-chevron-right\" viewbox=\"0 0 320 512\" xmlns=\"http:\/\/www.w3.org\/2000\/svg\"><path d=\"M285.476 272.971L91.132 467.314c-9.373 9.373-24.569 9.373-33.941 0l-22.667-22.667c-9.357-9.357-9.375-24.522-.04-33.901L188.505 256 34.484 101.255c-9.335-9.379-9.317-24.544.04-33.901l22.667-22.667c9.373-9.373 24.569-9.373 33.941 0L285.475 239.03c9.373 9.372 9.373 24.568.001 33.941z\"><\/path><\/svg>\t\t\t\t\t\t\t<\/a>\r\n\t    <\/div>\r\n\t    \t\t\t\t<\/div>\n\t\t\t\t<\/div>\n\t\t\t\t\t<\/div>\n\t\t\t\t<\/div>\n\t\t\t\t<\/div>","protected":false},"excerpt":{"rendered":"<p>Our Services Bioclimatic Solutions Design Custom Project Development Manufacturing &#038; High-Quality Materials Professional Installation Maintenance, Repairs &#038; Replacements Technical Support &#038; Consultation We manufacture all our bioclimatic systems, sail shades, and awnings using only high-quality, certified materials that guarantee durability, performance, and reliability. Each component is carefully selected to withstand sun exposure, wind, rain, and [&hellip;]<\/p>","protected":false},"author":1,"featured_media":0,"parent":2193,"menu_order":0,"comment_status":"closed","ping_status":"closed","template":"","meta":{"_acf_changed":false,"footnotes":""},"class_list":["post-1984","page","type-page","status-publish","hentry"],"acf":[],"yoast_head":"<!-- This site is optimized with the Yoast SEO Premium plugin v26.8 (Yoast SEO v26.8) - https:\/\/yoast.com\/product\/yoast-seo-premium-wordpress\/ -->\n<title>Manufacturing &amp; High-Quality<\/title>\n<meta name=\"description\" content=\"v\" \/>\n<meta name=\"robots\" content=\"index, follow, max-snippet:-1, max-image-preview:large, max-video-preview:-1\" \/>\n<link rel=\"canonical\" href=\"https:\/\/algartoldos.pt\/de\/neue-dienstleistungen\/herstellung-hochwertiger-materialien\/\" \/>\n<meta property=\"og:locale\" content=\"de_DE\" \/>\n<meta property=\"og:type\" content=\"article\" \/>\n<meta property=\"og:title\" content=\"Manufacturing &amp; High-Quality Materials\" \/>\n<meta property=\"og:description\" content=\"v\" \/>\n<meta property=\"og:url\" content=\"https:\/\/algartoldos.pt\/de\/neue-dienstleistungen\/herstellung-hochwertiger-materialien\/\" \/>\n<meta property=\"og:site_name\" content=\"Algartoldos\" \/>\n<meta property=\"article:modified_time\" content=\"2026-01-22T00:30:47+00:00\" \/>\n<meta property=\"og:image\" content=\"https:\/\/algartoldos.pt\/wp-content\/uploads\/2026\/01\/Manufacturing-High-Quality-Materials-1-683x1024.png\" \/>\n\t<meta property=\"og:image:width\" content=\"683\" \/>\n\t<meta property=\"og:image:height\" content=\"1024\" \/>\n\t<meta property=\"og:image:type\" content=\"image\/png\" \/>\n<meta name=\"twitter:card\" content=\"summary_large_image\" \/>\n<meta name=\"twitter:label1\" content=\"Gesch\u00e4tzte Lesezeit\" \/>\n\t<meta name=\"twitter:data1\" content=\"1\u00a0Minute\" \/>\n<script type=\"application\/ld+json\" class=\"yoast-schema-graph\">{\"@context\":\"https:\/\/schema.org\",\"@graph\":[{\"@type\":\"WebPage\",\"@id\":\"https:\/\/algartoldos.pt\/services-new\/manufacturing-high-quality-materials\/\",\"url\":\"https:\/\/algartoldos.pt\/services-new\/manufacturing-high-quality-materials\/\",\"name\":\"Manufacturing & High-Quality\",\"isPartOf\":{\"@id\":\"https:\/\/algartoldos.pt\/#website\"},\"primaryImageOfPage\":{\"@id\":\"https:\/\/algartoldos.pt\/services-new\/manufacturing-high-quality-materials\/#primaryimage\"},\"image\":{\"@id\":\"https:\/\/algartoldos.pt\/services-new\/manufacturing-high-quality-materials\/#primaryimage\"},\"thumbnailUrl\":\"https:\/\/algartoldos.pt\/wp-content\/uploads\/2026\/01\/Manufacturing-High-Quality-Materials-1.png\",\"datePublished\":\"2023-12-13T08:49:15+00:00\",\"dateModified\":\"2026-01-22T00:30:47+00:00\",\"description\":\"v\",\"breadcrumb\":{\"@id\":\"https:\/\/algartoldos.pt\/services-new\/manufacturing-high-quality-materials\/#breadcrumb\"},\"inLanguage\":\"de\",\"potentialAction\":[{\"@type\":\"ReadAction\",\"target\":[\"https:\/\/algartoldos.pt\/services-new\/manufacturing-high-quality-materials\/\"]}]},{\"@type\":\"ImageObject\",\"inLanguage\":\"de\",\"@id\":\"https:\/\/algartoldos.pt\/services-new\/manufacturing-high-quality-materials\/#primaryimage\",\"url\":\"https:\/\/algartoldos.pt\/wp-content\/uploads\/2026\/01\/Manufacturing-High-Quality-Materials-1.png\",\"contentUrl\":\"https:\/\/algartoldos.pt\/wp-content\/uploads\/2026\/01\/Manufacturing-High-Quality-Materials-1.png\"},{\"@type\":\"BreadcrumbList\",\"@id\":\"https:\/\/algartoldos.pt\/services-new\/manufacturing-high-quality-materials\/#breadcrumb\",\"itemListElement\":[{\"@type\":\"ListItem\",\"position\":1,\"name\":\"Home\",\"item\":\"https:\/\/algartoldos.pt\/\"},{\"@type\":\"ListItem\",\"position\":2,\"name\":\"Services New\",\"item\":\"https:\/\/algartoldos.pt\/services-new\/\"},{\"@type\":\"ListItem\",\"position\":3,\"name\":\"Manufacturing &#038; High-Quality Materials\"}]},{\"@type\":\"WebSite\",\"@id\":\"https:\/\/algartoldos.pt\/#website\",\"url\":\"https:\/\/algartoldos.pt\/\",\"name\":\"Algartoldos\",\"description\":\"Algartoldos is part of the Sombriarte Group\",\"publisher\":{\"@id\":\"https:\/\/algartoldos.pt\/#organization\"},\"alternateName\":\"Bioclimaticas Toldos Algarve\",\"potentialAction\":[{\"@type\":\"SearchAction\",\"target\":{\"@type\":\"EntryPoint\",\"urlTemplate\":\"https:\/\/algartoldos.pt\/?s={search_term_string}\"},\"query-input\":{\"@type\":\"PropertyValueSpecification\",\"valueRequired\":true,\"valueName\":\"search_term_string\"}}],\"inLanguage\":\"de\"},{\"@type\":\"Organization\",\"@id\":\"https:\/\/algartoldos.pt\/#organization\",\"name\":\"Algartoldos\",\"alternateName\":\"Awnings & Bioclimatics Algarve Portugal\",\"url\":\"https:\/\/algartoldos.pt\/\",\"logo\":{\"@type\":\"ImageObject\",\"inLanguage\":\"de\",\"@id\":\"https:\/\/algartoldos.pt\/#\/schema\/logo\/image\/\",\"url\":\"https:\/\/algartoldos.pt\/wp-content\/uploads\/2023\/11\/logo-last-rect.jpg\",\"contentUrl\":\"https:\/\/algartoldos.pt\/wp-content\/uploads\/2023\/11\/logo-last-rect.jpg\",\"width\":844,\"height\":321,\"caption\":\"Algartoldos\"},\"image\":{\"@id\":\"https:\/\/algartoldos.pt\/#\/schema\/logo\/image\/\"},\"description\":\"Algartoldos is part of the Sombriarte Group and specializes in the design, manufacturing, installation, and maintenance of custom bioclimatic and outdoor shading solutions for residential and commercial properties. We provide complete, tailor-made solutions that enhance comfort, functionality, and aesthetics in outdoor spaces, adapting each project to local climate conditions and architectural requirements. Our services include bioclimatic pergolas, awnings, sail shades, vertical shading systems, glass enclosures, and custom aluminum structures. Each solution is carefully engineered to offer effective sun protection, natural ventilation, weather resistance, and long-term durability. We work with certified, high-quality materials and modern manufacturing techniques to ensure consistent performance and refined finishes. From the initial consultation and technical assessment to project planning, production, and professional installation, Algartoldos manages the entire process internally. Our experienced technical team ensures precise installation, safety compliance, and optimal system functionality. We also provide ongoing technical support, maintenance, repairs, and replacements, ensuring long-lasting performance and reliability. Serving both private clients and commercial sectors such as hotels, restaurants, caf\u00e9s, and resorts, Algartoldos is committed to delivering personalized outdoor shading solutions that improve outdoor living and add long-term value to properties. Our focus on quality, customization, and customer satisfaction makes us a trusted partner for bioclimatic and shading solutions in Portugal.\",\"email\":\"info@algartoldos.pt\",\"telephone\":\"+351 967 309 453\",\"legalName\":\"Sombriarte Unip. LDA\",\"foundingDate\":\"2005-03-15\",\"numberOfEmployees\":{\"@type\":\"QuantitativeValue\",\"minValue\":\"1\",\"maxValue\":\"10\"},\"publishingPrinciples\":\"https:\/\/algartoldos.pt\/products\/awnings\/\"}]}<\/script>\n<!-- \/ Yoast SEO Premium plugin. -->","yoast_head_json":{"title":"Fertigung &amp; Hohe Qualit\u00e4t","description":"v","robots":{"index":"index","follow":"follow","max-snippet":"max-snippet:-1","max-image-preview":"max-image-preview:large","max-video-preview":"max-video-preview:-1"},"canonical":"https:\/\/algartoldos.pt\/de\/neue-dienstleistungen\/herstellung-hochwertiger-materialien\/","og_locale":"de_DE","og_type":"article","og_title":"Manufacturing & High-Quality Materials","og_description":"v","og_url":"https:\/\/algartoldos.pt\/de\/neue-dienstleistungen\/herstellung-hochwertiger-materialien\/","og_site_name":"Algartoldos","article_modified_time":"2026-01-22T00:30:47+00:00","og_image":[{"width":683,"height":1024,"url":"https:\/\/algartoldos.pt\/wp-content\/uploads\/2026\/01\/Manufacturing-High-Quality-Materials-1-683x1024.png","type":"image\/png"}],"twitter_card":"summary_large_image","twitter_misc":{"Gesch\u00e4tzte Lesezeit":"1\u00a0Minute"},"schema":{"@context":"https:\/\/schema.org","@graph":[{"@type":"WebPage","@id":"https:\/\/algartoldos.pt\/services-new\/manufacturing-high-quality-materials\/","url":"https:\/\/algartoldos.pt\/services-new\/manufacturing-high-quality-materials\/","name":"Fertigung &amp; Hohe Qualit\u00e4t","isPartOf":{"@id":"https:\/\/algartoldos.pt\/#website"},"primaryImageOfPage":{"@id":"https:\/\/algartoldos.pt\/services-new\/manufacturing-high-quality-materials\/#primaryimage"},"image":{"@id":"https:\/\/algartoldos.pt\/services-new\/manufacturing-high-quality-materials\/#primaryimage"},"thumbnailUrl":"https:\/\/algartoldos.pt\/wp-content\/uploads\/2026\/01\/Manufacturing-High-Quality-Materials-1.png","datePublished":"2023-12-13T08:49:15+00:00","dateModified":"2026-01-22T00:30:47+00:00","description":"v","breadcrumb":{"@id":"https:\/\/algartoldos.pt\/services-new\/manufacturing-high-quality-materials\/#breadcrumb"},"inLanguage":"de","potentialAction":[{"@type":"ReadAction","target":["https:\/\/algartoldos.pt\/services-new\/manufacturing-high-quality-materials\/"]}]},{"@type":"ImageObject","inLanguage":"de","@id":"https:\/\/algartoldos.pt\/services-new\/manufacturing-high-quality-materials\/#primaryimage","url":"https:\/\/algartoldos.pt\/wp-content\/uploads\/2026\/01\/Manufacturing-High-Quality-Materials-1.png","contentUrl":"https:\/\/algartoldos.pt\/wp-content\/uploads\/2026\/01\/Manufacturing-High-Quality-Materials-1.png"},{"@type":"BreadcrumbList","@id":"https:\/\/algartoldos.pt\/services-new\/manufacturing-high-quality-materials\/#breadcrumb","itemListElement":[{"@type":"ListItem","position":1,"name":"Home","item":"https:\/\/algartoldos.pt\/"},{"@type":"ListItem","position":2,"name":"Services New","item":"https:\/\/algartoldos.pt\/services-new\/"},{"@type":"ListItem","position":3,"name":"Manufacturing &#038; High-Quality Materials"}]},{"@type":"WebSite","@id":"https:\/\/algartoldos.pt\/#website","url":"https:\/\/algartoldos.pt\/","name":"Algartoldos","description":"Algartoldos ist Teil der Sombriarte-Gruppe","publisher":{"@id":"https:\/\/algartoldos.pt\/#organization"},"alternateName":"Bioclimaticas Toldos Algarve","potentialAction":[{"@type":"SearchAction","target":{"@type":"EntryPoint","urlTemplate":"https:\/\/algartoldos.pt\/?s={search_term_string}"},"query-input":{"@type":"PropertyValueSpecification","valueRequired":true,"valueName":"search_term_string"}}],"inLanguage":"de"},{"@type":"Organization","@id":"https:\/\/algartoldos.pt\/#organization","name":"Algartoldos","alternateName":"Awnings & Bioclimatics Algarve Portugal","url":"https:\/\/algartoldos.pt\/","logo":{"@type":"ImageObject","inLanguage":"de","@id":"https:\/\/algartoldos.pt\/#\/schema\/logo\/image\/","url":"https:\/\/algartoldos.pt\/wp-content\/uploads\/2023\/11\/logo-last-rect.jpg","contentUrl":"https:\/\/algartoldos.pt\/wp-content\/uploads\/2023\/11\/logo-last-rect.jpg","width":844,"height":321,"caption":"Algartoldos"},"image":{"@id":"https:\/\/algartoldos.pt\/#\/schema\/logo\/image\/"},"description":"Algartoldos geh\u00f6rt zur Sombriarte-Gruppe und ist spezialisiert auf die Planung, Fertigung, Installation und Wartung individueller bioklimatischer Beschattungsl\u00f6sungen f\u00fcr private und gewerbliche Immobilien. Wir bieten ma\u00dfgeschneiderte Komplettl\u00f6sungen, die Komfort, Funktionalit\u00e4t und \u00c4sthetik im Au\u00dfenbereich verbessern und jedes Projekt an die lokalen Klimabedingungen und architektonischen Anforderungen anpassen. Unser Leistungsspektrum umfasst bioklimatische Pergolen, Markisen, Sonnensegel, vertikale Beschattungssysteme, Glas\u00fcberdachungen und individuelle Aluminiumkonstruktionen. Jede L\u00f6sung ist sorgf\u00e4ltig konstruiert, um effektiven Sonnenschutz, nat\u00fcrliche Bel\u00fcftung, Witterungsbest\u00e4ndigkeit und Langlebigkeit zu gew\u00e4hrleisten. Wir verwenden zertifizierte, hochwertige Materialien und moderne Fertigungstechniken, um gleichbleibende Leistung und makellose Oberfl\u00e4chen zu garantieren. Von der ersten Beratung und technischen Bewertung \u00fcber die Projektplanung und Produktion bis hin zur fachgerechten Installation \u00fcbernimmt Algartoldos den gesamten Prozess intern. Unser erfahrenes Technikerteam gew\u00e4hrleistet pr\u00e4zise Installation, Einhaltung aller Sicherheitsvorschriften und optimale Systemfunktionalit\u00e4t. Wir bieten au\u00dferdem fortlaufenden technischen Support, Wartung, Reparaturen und Ersatzteile, um dauerhafte Leistung und Zuverl\u00e4ssigkeit sicherzustellen. Algartoldos betreut sowohl Privatkunden als auch gewerbliche Kunden wie Hotels, Restaurants, Caf\u00e9s und Resorts und hat sich der Entwicklung individueller Beschattungsl\u00f6sungen f\u00fcr den Au\u00dfenbereich verschrieben. Diese verbessern den Wohnkomfort im Freien und steigern den Wert von Immobilien langfristig. Unser Fokus auf Qualit\u00e4t, individuelle Anpassung und Kundenzufriedenheit macht uns zu einem vertrauensw\u00fcrdigen Partner f\u00fcr bioklimatische L\u00f6sungen und Beschattung in Portugal.","email":"info@algartoldos.pt","telephone":"+351 967 309 453","legalName":"Sombriarte Unip. LDA","foundingDate":"2005-03-15","numberOfEmployees":{"@type":"QuantitativeValue","minValue":"1","maxValue":"10"},"publishingPrinciples":"https:\/\/algartoldos.pt\/products\/awnings\/"}]}},"_links":{"self":[{"href":"https:\/\/algartoldos.pt\/de\/wp-json\/wp\/v2\/pages\/1984","targetHints":{"allow":["GET"]}}],"collection":[{"href":"https:\/\/algartoldos.pt\/de\/wp-json\/wp\/v2\/pages"}],"about":[{"href":"https:\/\/algartoldos.pt\/de\/wp-json\/wp\/v2\/types\/page"}],"author":[{"embeddable":true,"href":"https:\/\/algartoldos.pt\/de\/wp-json\/wp\/v2\/users\/1"}],"replies":[{"embeddable":true,"href":"https:\/\/algartoldos.pt\/de\/wp-json\/wp\/v2\/comments?post=1984"}],"version-history":[{"count":13,"href":"https:\/\/algartoldos.pt\/de\/wp-json\/wp\/v2\/pages\/1984\/revisions"}],"predecessor-version":[{"id":7224,"href":"https:\/\/algartoldos.pt\/de\/wp-json\/wp\/v2\/pages\/1984\/revisions\/7224"}],"up":[{"embeddable":true,"href":"https:\/\/algartoldos.pt\/de\/wp-json\/wp\/v2\/pages\/2193"}],"wp:attachment":[{"href":"https:\/\/algartoldos.pt\/de\/wp-json\/wp\/v2\/media?parent=1984"}],"curies":[{"name":"wp","href":"https:\/\/api.w.org\/{rel}","templated":true}]}}