{"id":1984,"date":"2023-12-13T08:49:15","date_gmt":"2023-12-13T08:49:15","guid":{"rendered":"https:\/\/archi.oceanthemes.site\/?page_id=1984"},"modified":"2026-01-22T00:30:47","modified_gmt":"2026-01-22T00:30:47","slug":"fabricacion-de-materiales-de-alta-calidad","status":"publish","type":"page","link":"https:\/\/algartoldos.pt\/es\/servicios-nuevos\/fabricacion-de-materiales-de-alta-calidad\/","title":{"rendered":"Fabricaci\u00f3n y materiales de alta calidad"},"content":{"rendered":"<div data-elementor-type=\"wp-page\" data-elementor-id=\"1984\" class=\"elementor elementor-1984\" data-elementor-post-type=\"page\">\n\t\t\t\t<div class=\"elementor-element elementor-element-7c2ac6c e-flex e-con-boxed e-con e-parent\" data-id=\"7c2ac6c\" data-element_type=\"container\" data-settings=\"{&quot;background_background&quot;:&quot;classic&quot;}\">\n\t\t\t\t\t<div class=\"e-con-inner\">\n\t\t<div class=\"elementor-element elementor-element-62857fc e-con-full e-flex e-con e-child\" data-id=\"62857fc\" data-element_type=\"container\">\n\t\t\t\t<div class=\"elementor-element elementor-element-4f7d2b1 elementor-align-left elementor-widget elementor-widget-ot-btn\" data-id=\"4f7d2b1\" data-element_type=\"widget\" data-widget_type=\"ot-btn.default\">\n\t\t\t\t<div class=\"elementor-widget-container\">\n\t\t\t\t\t\t\t<div class=\"ot-button-wrapper\">\r\n\t\t\t<a href=\"https:\/\/algartoldos.pt\/es\/servicios-nuevos\/nuestros-servicios-2\/\" class=\"octf-btn\">\r\n\t\t\t\tNuestros servicios\t\t\t\t\t\t\t<\/a>\r\n\t    <\/div>\r\n\t    \t\t\t\t<\/div>\n\t\t\t\t<\/div>\n\t\t\t\t<div class=\"elementor-element elementor-element-0659e05 elementor-align-left elementor-widget elementor-widget-ot-btn\" data-id=\"0659e05\" data-element_type=\"widget\" data-widget_type=\"ot-btn.default\">\n\t\t\t\t<div class=\"elementor-widget-container\">\n\t\t\t\t\t\t\t<div class=\"ot-button-wrapper\">\r\n\t\t\t<a href=\"https:\/\/algartoldos.pt\/es\/servicios-nuevos\/diseno-de-soluciones-bioclimaticas\/\" class=\"octf-btn\">\r\n\t\t\t\tDise\u00f1o de Soluciones Bioclim\u00e1ticas\t\t\t\t\t\t\t<\/a>\r\n\t    <\/div>\r\n\t    \t\t\t\t<\/div>\n\t\t\t\t<\/div>\n\t\t\t\t<div class=\"elementor-element elementor-element-18ae232 elementor-align-left elementor-widget elementor-widget-ot-btn\" data-id=\"18ae232\" data-element_type=\"widget\" data-widget_type=\"ot-btn.default\">\n\t\t\t\t<div class=\"elementor-widget-container\">\n\t\t\t\t\t\t\t<div class=\"ot-button-wrapper\">\r\n\t\t\t<a href=\"https:\/\/algartoldos.pt\/es\/servicios-nuevos\/desarrollo-de-proyectos-personalizados\/\" class=\"octf-btn\">\r\n\t\t\t\tDesarrollo de proyectos personalizados\t\t\t\t\t\t\t<\/a>\r\n\t    <\/div>\r\n\t    \t\t\t\t<\/div>\n\t\t\t\t<\/div>\n\t\t\t\t<div class=\"elementor-element elementor-element-902d34d elementor-align-left elementor-widget elementor-widget-ot-btn\" data-id=\"902d34d\" data-element_type=\"widget\" data-widget_type=\"ot-btn.default\">\n\t\t\t\t<div class=\"elementor-widget-container\">\n\t\t\t\t\t\t\t<div class=\"ot-button-wrapper\">\r\n\t\t\t<a href=\"https:\/\/algartoldos.pt\/es\/servicios-nuevos\/fabricacion-de-materiales-de-alta-calidad\/\" class=\"octf-btn\">\r\n\t\t\t\tFabricaci\u00f3n y materiales de alta calidad\t\t\t\t\t\t\t<\/a>\r\n\t    <\/div>\r\n\t    \t\t\t\t<\/div>\n\t\t\t\t<\/div>\n\t\t\t\t<div class=\"elementor-element elementor-element-adfa43f elementor-align-left elementor-widget elementor-widget-ot-btn\" data-id=\"adfa43f\" data-element_type=\"widget\" data-widget_type=\"ot-btn.default\">\n\t\t\t\t<div class=\"elementor-widget-container\">\n\t\t\t\t\t\t\t<div class=\"ot-button-wrapper\">\r\n\t\t\t<a href=\"https:\/\/algartoldos.pt\/es\/servicios-nuevos\/instalacion-profesional\/\" class=\"octf-btn\">\r\n\t\t\t\tInstalaci\u00f3n profesional\t\t\t\t\t\t\t<\/a>\r\n\t    <\/div>\r\n\t    \t\t\t\t<\/div>\n\t\t\t\t<\/div>\n\t\t\t\t<div class=\"elementor-element elementor-element-89a813f elementor-align-left elementor-widget elementor-widget-ot-btn\" data-id=\"89a813f\" data-element_type=\"widget\" data-widget_type=\"ot-btn.default\">\n\t\t\t\t<div class=\"elementor-widget-container\">\n\t\t\t\t\t\t\t<div class=\"ot-button-wrapper\">\r\n\t\t\t<a href=\"https:\/\/algartoldos.pt\/es\/servicios-nuevos\/mantenimiento-reparaciones-reemplazos\/\" class=\"octf-btn\">\r\n\t\t\t\tMantenimiento, reparaciones y reemplazos\t\t\t\t\t\t\t<\/a>\r\n\t    <\/div>\r\n\t    \t\t\t\t<\/div>\n\t\t\t\t<\/div>\n\t\t\t\t<div class=\"elementor-element elementor-element-9f7e2d1 elementor-align-left elementor-widget elementor-widget-ot-btn\" data-id=\"9f7e2d1\" data-element_type=\"widget\" data-widget_type=\"ot-btn.default\">\n\t\t\t\t<div class=\"elementor-widget-container\">\n\t\t\t\t\t\t\t<div class=\"ot-button-wrapper\">\r\n\t\t\t<a href=\"https:\/\/algartoldos.pt\/es\/servicios-nuevos\/consulta-de-soporte-tecnico\/\" class=\"octf-btn\">\r\n\t\t\t\tSoporte t\u00e9cnico y consultor\u00eda\t\t\t\t\t\t\t<\/a>\r\n\t    <\/div>\r\n\t    \t\t\t\t<\/div>\n\t\t\t\t<\/div>\n\t\t\t\t<\/div>\n\t\t<div class=\"elementor-element elementor-element-c65783c e-con-full e-flex e-con e-child\" data-id=\"c65783c\" data-element_type=\"container\">\n\t\t<div class=\"elementor-element elementor-element-4a29bed e-flex e-con-boxed e-con e-child\" data-id=\"4a29bed\" data-element_type=\"container\">\n\t\t\t\t\t<div class=\"e-con-inner\">\n\t\t\t\t<div class=\"elementor-element elementor-element-f3ab8af elementor-widget elementor-widget-text-editor\" data-id=\"f3ab8af\" data-element_type=\"widget\" data-widget_type=\"text-editor.default\">\n\t\t\t\t\t\t\t\t\t<p data-start=\"190\" data-end=\"568\">Fabricamos todos nuestros sistemas bioclim\u00e1ticos, toldos vela y toldos con materiales certificados de alta calidad que garantizan durabilidad, rendimiento y fiabilidad. Cada componente se selecciona cuidadosamente para resistir la exposici\u00f3n al sol, el viento, la lluvia y otras condiciones clim\u00e1ticas, garantizando as\u00ed que sus soluciones de sombreado exterior se mantengan funcionales y visualmente atractivas durante a\u00f1os.<\/p><p data-start=\"570\" data-end=\"903\">Nuestro proceso de fabricaci\u00f3n combina t\u00e9cnicas avanzadas con una meticulosa artesan\u00eda, lo que nos permite crear soluciones a medida, adaptadas a las especificaciones de cada proyecto. Cada detalle, desde la integridad estructural hasta los acabados, se controla minuciosamente para mantener una calidad constante y cumplir con los m\u00e1s altos est\u00e1ndares de la industria.<\/p><p data-start=\"905\" data-end=\"1257\">Al combinar materiales de primera calidad con una fabricaci\u00f3n precisa, garantizamos que todos nuestros sistemas ofrezcan comodidad, protecci\u00f3n y durabilidad excepcionales. Nuestro compromiso con la calidad en cada etapa, desde la selecci\u00f3n de materiales hasta el ensamblaje final, garantiza que su inversi\u00f3n en soluciones de sombreado para exteriores le brinde un rendimiento confiable, seguridad y una est\u00e9tica excelente.<\/p>\t\t\t\t\t\t\t\t<\/div>\n\t\t\t\t\t<\/div>\n\t\t\t\t<\/div>\n\t\t<div class=\"elementor-element elementor-element-abd8f58 e-flex e-con-boxed e-con e-child\" data-id=\"abd8f58\" data-element_type=\"container\">\n\t\t\t\t\t<div class=\"e-con-inner\">\n\t\t\t\t<div class=\"elementor-element elementor-element-7e386fe elementor-widget elementor-widget-image\" data-id=\"7e386fe\" data-element_type=\"widget\" data-widget_type=\"image.default\">\n\t\t\t\t\t\t\t\t\t\t\t\t\t\t\t<img fetchpriority=\"high\" decoding=\"async\" width=\"1024\" height=\"1536\" src=\"https:\/\/algartoldos.pt\/wp-content\/uploads\/2026\/01\/Manufacturing-High-Quality-Materials-1.png\" class=\"attachment-full size-full wp-image-7221\" alt=\"Fabricaci\u00f3n y materiales de alta calidad\" srcset=\"https:\/\/algartoldos.pt\/wp-content\/uploads\/2026\/01\/Manufacturing-High-Quality-Materials-1.png 1024w, https:\/\/algartoldos.pt\/wp-content\/uploads\/2026\/01\/Manufacturing-High-Quality-Materials-1-200x300.png 200w, https:\/\/algartoldos.pt\/wp-content\/uploads\/2026\/01\/Manufacturing-High-Quality-Materials-1-683x1024.png 683w, https:\/\/algartoldos.pt\/wp-content\/uploads\/2026\/01\/Manufacturing-High-Quality-Materials-1-768x1152.png 768w, https:\/\/algartoldos.pt\/wp-content\/uploads\/2026\/01\/Manufacturing-High-Quality-Materials-1-8x12.png 8w\" sizes=\"(max-width: 1024px) 100vw, 1024px\" \/>\t\t\t\t\t\t\t\t\t\t\t\t\t\t\t<\/div>\n\t\t\t\t\t<\/div>\n\t\t\t\t<\/div>\n\t\t\t\t<\/div>\n\t\t\t\t\t<\/div>\n\t\t\t\t<\/div>\n\t\t<div class=\"elementor-element elementor-element-f261216 e-flex e-con-boxed e-con e-parent\" data-id=\"f261216\" data-element_type=\"container\" data-settings=\"{&quot;background_background&quot;:&quot;classic&quot;}\">\n\t\t\t\t\t<div class=\"e-con-inner\">\n\t\t\t\t<div class=\"elementor-element elementor-element-30042cf elementor-align-center elementor-widget elementor-widget-ot-btn\" data-id=\"30042cf\" data-element_type=\"widget\" data-widget_type=\"ot-btn.default\">\n\t\t\t\t<div class=\"elementor-widget-container\">\n\t\t\t\t\t\t\t<div class=\"ot-button-wrapper\">\r\n\t\t\t<a href=\"https:\/\/algartoldos.pt\/pt\/contact\/\" class=\"octf-btn with-icon\">\r\n\t\t\t\tObtener cotizaci\u00f3n\t\t\t\t\t\t\t\t\t<svg aria-hidden=\"true\" class=\"e-font-icon-svg e-fas-chevron-right\" viewbox=\"0 0 320 512\" xmlns=\"http:\/\/www.w3.org\/2000\/svg\"><path d=\"M285.476 272.971L91.132 467.314c-9.373 9.373-24.569 9.373-33.941 0l-22.667-22.667c-9.357-9.357-9.375-24.522-.04-33.901L188.505 256 34.484 101.255c-9.335-9.379-9.317-24.544.04-33.901l22.667-22.667c9.373-9.373 24.569-9.373 33.941 0L285.475 239.03c9.373 9.372 9.373 24.568.001 33.941z\"><\/path><\/svg>\t\t\t\t\t\t\t<\/a>\r\n\t    <\/div>\r\n\t    \t\t\t\t<\/div>\n\t\t\t\t<\/div>\n\t\t\t\t\t<\/div>\n\t\t\t\t<\/div>\n\t\t\t\t<\/div>","protected":false},"excerpt":{"rendered":"<p>Our Services Bioclimatic Solutions Design Custom Project Development Manufacturing &#038; High-Quality Materials Professional Installation Maintenance, Repairs &#038; Replacements Technical Support &#038; Consultation We manufacture all our bioclimatic systems, sail shades, and awnings using only high-quality, certified materials that guarantee durability, performance, and reliability. Each component is carefully selected to withstand sun exposure, wind, rain, and [&hellip;]<\/p>","protected":false},"author":1,"featured_media":0,"parent":2193,"menu_order":0,"comment_status":"closed","ping_status":"closed","template":"","meta":{"_acf_changed":false,"footnotes":""},"class_list":["post-1984","page","type-page","status-publish","hentry"],"acf":[],"yoast_head":"<!-- This site is optimized with the Yoast SEO Premium plugin v26.8 (Yoast SEO v26.8) - https:\/\/yoast.com\/product\/yoast-seo-premium-wordpress\/ -->\n<title>Manufacturing &amp; High-Quality<\/title>\n<meta name=\"description\" content=\"v\" \/>\n<meta name=\"robots\" content=\"index, follow, max-snippet:-1, max-image-preview:large, max-video-preview:-1\" \/>\n<link rel=\"canonical\" href=\"https:\/\/algartoldos.pt\/es\/servicios-nuevos\/fabricacion-de-materiales-de-alta-calidad\/\" \/>\n<meta property=\"og:locale\" content=\"es_ES\" \/>\n<meta property=\"og:type\" content=\"article\" \/>\n<meta property=\"og:title\" content=\"Manufacturing &amp; High-Quality Materials\" \/>\n<meta property=\"og:description\" content=\"v\" \/>\n<meta property=\"og:url\" content=\"https:\/\/algartoldos.pt\/es\/servicios-nuevos\/fabricacion-de-materiales-de-alta-calidad\/\" \/>\n<meta property=\"og:site_name\" content=\"Algartoldos\" \/>\n<meta property=\"article:modified_time\" content=\"2026-01-22T00:30:47+00:00\" \/>\n<meta property=\"og:image\" content=\"https:\/\/algartoldos.pt\/wp-content\/uploads\/2026\/01\/Manufacturing-High-Quality-Materials-1-683x1024.png\" \/>\n\t<meta property=\"og:image:width\" content=\"683\" \/>\n\t<meta property=\"og:image:height\" content=\"1024\" \/>\n\t<meta property=\"og:image:type\" content=\"image\/png\" \/>\n<meta name=\"twitter:card\" content=\"summary_large_image\" \/>\n<meta name=\"twitter:label1\" content=\"Tiempo de lectura\" \/>\n\t<meta name=\"twitter:data1\" content=\"1 minuto\" \/>\n<script type=\"application\/ld+json\" class=\"yoast-schema-graph\">{\"@context\":\"https:\/\/schema.org\",\"@graph\":[{\"@type\":\"WebPage\",\"@id\":\"https:\/\/algartoldos.pt\/services-new\/manufacturing-high-quality-materials\/\",\"url\":\"https:\/\/algartoldos.pt\/services-new\/manufacturing-high-quality-materials\/\",\"name\":\"Manufacturing & High-Quality\",\"isPartOf\":{\"@id\":\"https:\/\/algartoldos.pt\/#website\"},\"primaryImageOfPage\":{\"@id\":\"https:\/\/algartoldos.pt\/services-new\/manufacturing-high-quality-materials\/#primaryimage\"},\"image\":{\"@id\":\"https:\/\/algartoldos.pt\/services-new\/manufacturing-high-quality-materials\/#primaryimage\"},\"thumbnailUrl\":\"https:\/\/algartoldos.pt\/wp-content\/uploads\/2026\/01\/Manufacturing-High-Quality-Materials-1.png\",\"datePublished\":\"2023-12-13T08:49:15+00:00\",\"dateModified\":\"2026-01-22T00:30:47+00:00\",\"description\":\"v\",\"breadcrumb\":{\"@id\":\"https:\/\/algartoldos.pt\/services-new\/manufacturing-high-quality-materials\/#breadcrumb\"},\"inLanguage\":\"es\",\"potentialAction\":[{\"@type\":\"ReadAction\",\"target\":[\"https:\/\/algartoldos.pt\/services-new\/manufacturing-high-quality-materials\/\"]}]},{\"@type\":\"ImageObject\",\"inLanguage\":\"es\",\"@id\":\"https:\/\/algartoldos.pt\/services-new\/manufacturing-high-quality-materials\/#primaryimage\",\"url\":\"https:\/\/algartoldos.pt\/wp-content\/uploads\/2026\/01\/Manufacturing-High-Quality-Materials-1.png\",\"contentUrl\":\"https:\/\/algartoldos.pt\/wp-content\/uploads\/2026\/01\/Manufacturing-High-Quality-Materials-1.png\"},{\"@type\":\"BreadcrumbList\",\"@id\":\"https:\/\/algartoldos.pt\/services-new\/manufacturing-high-quality-materials\/#breadcrumb\",\"itemListElement\":[{\"@type\":\"ListItem\",\"position\":1,\"name\":\"Home\",\"item\":\"https:\/\/algartoldos.pt\/\"},{\"@type\":\"ListItem\",\"position\":2,\"name\":\"Services New\",\"item\":\"https:\/\/algartoldos.pt\/services-new\/\"},{\"@type\":\"ListItem\",\"position\":3,\"name\":\"Manufacturing &#038; High-Quality Materials\"}]},{\"@type\":\"WebSite\",\"@id\":\"https:\/\/algartoldos.pt\/#website\",\"url\":\"https:\/\/algartoldos.pt\/\",\"name\":\"Algartoldos\",\"description\":\"Algartoldos is part of the Sombriarte Group\",\"publisher\":{\"@id\":\"https:\/\/algartoldos.pt\/#organization\"},\"alternateName\":\"Bioclimaticas Toldos Algarve\",\"potentialAction\":[{\"@type\":\"SearchAction\",\"target\":{\"@type\":\"EntryPoint\",\"urlTemplate\":\"https:\/\/algartoldos.pt\/?s={search_term_string}\"},\"query-input\":{\"@type\":\"PropertyValueSpecification\",\"valueRequired\":true,\"valueName\":\"search_term_string\"}}],\"inLanguage\":\"es\"},{\"@type\":\"Organization\",\"@id\":\"https:\/\/algartoldos.pt\/#organization\",\"name\":\"Algartoldos\",\"alternateName\":\"Awnings & Bioclimatics Algarve Portugal\",\"url\":\"https:\/\/algartoldos.pt\/\",\"logo\":{\"@type\":\"ImageObject\",\"inLanguage\":\"es\",\"@id\":\"https:\/\/algartoldos.pt\/#\/schema\/logo\/image\/\",\"url\":\"https:\/\/algartoldos.pt\/wp-content\/uploads\/2023\/11\/logo-last-rect.jpg\",\"contentUrl\":\"https:\/\/algartoldos.pt\/wp-content\/uploads\/2023\/11\/logo-last-rect.jpg\",\"width\":844,\"height\":321,\"caption\":\"Algartoldos\"},\"image\":{\"@id\":\"https:\/\/algartoldos.pt\/#\/schema\/logo\/image\/\"},\"description\":\"Algartoldos is part of the Sombriarte Group and specializes in the design, manufacturing, installation, and maintenance of custom bioclimatic and outdoor shading solutions for residential and commercial properties. We provide complete, tailor-made solutions that enhance comfort, functionality, and aesthetics in outdoor spaces, adapting each project to local climate conditions and architectural requirements. Our services include bioclimatic pergolas, awnings, sail shades, vertical shading systems, glass enclosures, and custom aluminum structures. Each solution is carefully engineered to offer effective sun protection, natural ventilation, weather resistance, and long-term durability. We work with certified, high-quality materials and modern manufacturing techniques to ensure consistent performance and refined finishes. From the initial consultation and technical assessment to project planning, production, and professional installation, Algartoldos manages the entire process internally. Our experienced technical team ensures precise installation, safety compliance, and optimal system functionality. We also provide ongoing technical support, maintenance, repairs, and replacements, ensuring long-lasting performance and reliability. Serving both private clients and commercial sectors such as hotels, restaurants, caf\u00e9s, and resorts, Algartoldos is committed to delivering personalized outdoor shading solutions that improve outdoor living and add long-term value to properties. Our focus on quality, customization, and customer satisfaction makes us a trusted partner for bioclimatic and shading solutions in Portugal.\",\"email\":\"info@algartoldos.pt\",\"telephone\":\"+351 967 309 453\",\"legalName\":\"Sombriarte Unip. LDA\",\"foundingDate\":\"2005-03-15\",\"numberOfEmployees\":{\"@type\":\"QuantitativeValue\",\"minValue\":\"1\",\"maxValue\":\"10\"},\"publishingPrinciples\":\"https:\/\/algartoldos.pt\/products\/awnings\/\"}]}<\/script>\n<!-- \/ Yoast SEO Premium plugin. -->","yoast_head_json":{"title":"Fabricaci\u00f3n y alta calidad","description":"v","robots":{"index":"index","follow":"follow","max-snippet":"max-snippet:-1","max-image-preview":"max-image-preview:large","max-video-preview":"max-video-preview:-1"},"canonical":"https:\/\/algartoldos.pt\/es\/servicios-nuevos\/fabricacion-de-materiales-de-alta-calidad\/","og_locale":"es_ES","og_type":"article","og_title":"Manufacturing & High-Quality Materials","og_description":"v","og_url":"https:\/\/algartoldos.pt\/es\/servicios-nuevos\/fabricacion-de-materiales-de-alta-calidad\/","og_site_name":"Algartoldos","article_modified_time":"2026-01-22T00:30:47+00:00","og_image":[{"width":683,"height":1024,"url":"https:\/\/algartoldos.pt\/wp-content\/uploads\/2026\/01\/Manufacturing-High-Quality-Materials-1-683x1024.png","type":"image\/png"}],"twitter_card":"summary_large_image","twitter_misc":{"Tiempo de lectura":"1 minuto"},"schema":{"@context":"https:\/\/schema.org","@graph":[{"@type":"WebPage","@id":"https:\/\/algartoldos.pt\/services-new\/manufacturing-high-quality-materials\/","url":"https:\/\/algartoldos.pt\/services-new\/manufacturing-high-quality-materials\/","name":"Fabricaci\u00f3n y alta calidad","isPartOf":{"@id":"https:\/\/algartoldos.pt\/#website"},"primaryImageOfPage":{"@id":"https:\/\/algartoldos.pt\/services-new\/manufacturing-high-quality-materials\/#primaryimage"},"image":{"@id":"https:\/\/algartoldos.pt\/services-new\/manufacturing-high-quality-materials\/#primaryimage"},"thumbnailUrl":"https:\/\/algartoldos.pt\/wp-content\/uploads\/2026\/01\/Manufacturing-High-Quality-Materials-1.png","datePublished":"2023-12-13T08:49:15+00:00","dateModified":"2026-01-22T00:30:47+00:00","description":"v","breadcrumb":{"@id":"https:\/\/algartoldos.pt\/services-new\/manufacturing-high-quality-materials\/#breadcrumb"},"inLanguage":"es","potentialAction":[{"@type":"ReadAction","target":["https:\/\/algartoldos.pt\/services-new\/manufacturing-high-quality-materials\/"]}]},{"@type":"ImageObject","inLanguage":"es","@id":"https:\/\/algartoldos.pt\/services-new\/manufacturing-high-quality-materials\/#primaryimage","url":"https:\/\/algartoldos.pt\/wp-content\/uploads\/2026\/01\/Manufacturing-High-Quality-Materials-1.png","contentUrl":"https:\/\/algartoldos.pt\/wp-content\/uploads\/2026\/01\/Manufacturing-High-Quality-Materials-1.png"},{"@type":"BreadcrumbList","@id":"https:\/\/algartoldos.pt\/services-new\/manufacturing-high-quality-materials\/#breadcrumb","itemListElement":[{"@type":"ListItem","position":1,"name":"Home","item":"https:\/\/algartoldos.pt\/"},{"@type":"ListItem","position":2,"name":"Services New","item":"https:\/\/algartoldos.pt\/services-new\/"},{"@type":"ListItem","position":3,"name":"Manufacturing &#038; High-Quality Materials"}]},{"@type":"WebSite","@id":"https:\/\/algartoldos.pt\/#website","url":"https:\/\/algartoldos.pt\/","name":"Algartoldos","description":"Algartoldos forma parte del Grupo Sombriarte","publisher":{"@id":"https:\/\/algartoldos.pt\/#organization"},"alternateName":"Bioclimaticas Toldos Algarve","potentialAction":[{"@type":"SearchAction","target":{"@type":"EntryPoint","urlTemplate":"https:\/\/algartoldos.pt\/?s={search_term_string}"},"query-input":{"@type":"PropertyValueSpecification","valueRequired":true,"valueName":"search_term_string"}}],"inLanguage":"es"},{"@type":"Organization","@id":"https:\/\/algartoldos.pt\/#organization","name":"Algartoldos","alternateName":"Awnings & Bioclimatics Algarve Portugal","url":"https:\/\/algartoldos.pt\/","logo":{"@type":"ImageObject","inLanguage":"es","@id":"https:\/\/algartoldos.pt\/#\/schema\/logo\/image\/","url":"https:\/\/algartoldos.pt\/wp-content\/uploads\/2023\/11\/logo-last-rect.jpg","contentUrl":"https:\/\/algartoldos.pt\/wp-content\/uploads\/2023\/11\/logo-last-rect.jpg","width":844,"height":321,"caption":"Algartoldos"},"image":{"@id":"https:\/\/algartoldos.pt\/#\/schema\/logo\/image\/"},"description":"Algartoldos forma parte del Grupo Sombriarte y se especializa en el dise\u00f1o, fabricaci\u00f3n, instalaci\u00f3n y mantenimiento de soluciones bioclim\u00e1ticas y de sombreado exterior personalizadas para propiedades residenciales y comerciales. Ofrecemos soluciones completas y a medida que mejoran el confort, la funcionalidad y la est\u00e9tica de los espacios exteriores, adaptando cada proyecto a las condiciones clim\u00e1ticas locales y a los requisitos arquitect\u00f3nicos. Nuestros servicios incluyen p\u00e9rgolas bioclim\u00e1ticas, toldos, velas de sombra, sistemas de sombreado vertical, cerramientos de vidrio y estructuras de aluminio a medida. Cada soluci\u00f3n est\u00e1 cuidadosamente dise\u00f1ada para ofrecer protecci\u00f3n solar eficaz, ventilaci\u00f3n natural, resistencia a la intemperie y durabilidad a largo plazo. Trabajamos con materiales certificados de alta calidad y modernas t\u00e9cnicas de fabricaci\u00f3n para garantizar un rendimiento constante y acabados impecables. Desde la consulta inicial y la evaluaci\u00f3n t\u00e9cnica hasta la planificaci\u00f3n del proyecto, la producci\u00f3n y la instalaci\u00f3n profesional, Algartoldos gestiona todo el proceso internamente. Nuestro experimentado equipo t\u00e9cnico garantiza una instalaci\u00f3n precisa, el cumplimiento de las normas de seguridad y el funcionamiento \u00f3ptimo del sistema. Tambi\u00e9n ofrecemos soporte t\u00e9cnico continuo, mantenimiento, reparaciones y sustituciones, garantizando un rendimiento y una fiabilidad duraderos. Algartoldos, que atiende tanto a clientes particulares como a sectores comerciales como hoteles, restaurantes, cafeter\u00edas y complejos tur\u00edsticos, se compromete a ofrecer soluciones personalizadas de sombreado exterior que mejoran la vida al aire libre y aportan valor a largo plazo a las propiedades. Nuestro enfoque en la calidad, la personalizaci\u00f3n y la satisfacci\u00f3n del cliente nos convierte en un socio de confianza para soluciones bioclim\u00e1ticas y de sombreado en Portugal.","email":"info@algartoldos.pt","telephone":"+351 967 309 453","legalName":"Sombriarte Unip. LDA","foundingDate":"2005-03-15","numberOfEmployees":{"@type":"QuantitativeValue","minValue":"1","maxValue":"10"},"publishingPrinciples":"https:\/\/algartoldos.pt\/products\/awnings\/"}]}},"_links":{"self":[{"href":"https:\/\/algartoldos.pt\/es\/wp-json\/wp\/v2\/pages\/1984","targetHints":{"allow":["GET"]}}],"collection":[{"href":"https:\/\/algartoldos.pt\/es\/wp-json\/wp\/v2\/pages"}],"about":[{"href":"https:\/\/algartoldos.pt\/es\/wp-json\/wp\/v2\/types\/page"}],"author":[{"embeddable":true,"href":"https:\/\/algartoldos.pt\/es\/wp-json\/wp\/v2\/users\/1"}],"replies":[{"embeddable":true,"href":"https:\/\/algartoldos.pt\/es\/wp-json\/wp\/v2\/comments?post=1984"}],"version-history":[{"count":13,"href":"https:\/\/algartoldos.pt\/es\/wp-json\/wp\/v2\/pages\/1984\/revisions"}],"predecessor-version":[{"id":7224,"href":"https:\/\/algartoldos.pt\/es\/wp-json\/wp\/v2\/pages\/1984\/revisions\/7224"}],"up":[{"embeddable":true,"href":"https:\/\/algartoldos.pt\/es\/wp-json\/wp\/v2\/pages\/2193"}],"wp:attachment":[{"href":"https:\/\/algartoldos.pt\/es\/wp-json\/wp\/v2\/media?parent=1984"}],"curies":[{"name":"wp","href":"https:\/\/api.w.org\/{rel}","templated":true}]}}