{"id":1984,"date":"2023-12-13T08:49:15","date_gmt":"2023-12-13T08:49:15","guid":{"rendered":"https:\/\/archi.oceanthemes.site\/?page_id=1984"},"modified":"2026-01-22T00:30:47","modified_gmt":"2026-01-22T00:30:47","slug":"fabrication-de-materiaux-de-haute-qualite","status":"publish","type":"page","link":"https:\/\/algartoldos.pt\/fr\/nouveaux-services\/fabrication-de-materiaux-de-haute-qualite\/","title":{"rendered":"Fabrication et mat\u00e9riaux de haute qualit\u00e9"},"content":{"rendered":"<div data-elementor-type=\"wp-page\" data-elementor-id=\"1984\" class=\"elementor elementor-1984\" data-elementor-post-type=\"page\">\n\t\t\t\t<div class=\"elementor-element elementor-element-7c2ac6c e-flex e-con-boxed e-con e-parent\" data-id=\"7c2ac6c\" data-element_type=\"container\" data-settings=\"{&quot;background_background&quot;:&quot;classic&quot;}\">\n\t\t\t\t\t<div class=\"e-con-inner\">\n\t\t<div class=\"elementor-element elementor-element-62857fc e-con-full e-flex e-con e-child\" data-id=\"62857fc\" data-element_type=\"container\">\n\t\t\t\t<div class=\"elementor-element elementor-element-4f7d2b1 elementor-align-left elementor-widget elementor-widget-ot-btn\" data-id=\"4f7d2b1\" data-element_type=\"widget\" data-widget_type=\"ot-btn.default\">\n\t\t\t\t<div class=\"elementor-widget-container\">\n\t\t\t\t\t\t\t<div class=\"ot-button-wrapper\">\r\n\t\t\t<a href=\"https:\/\/algartoldos.pt\/fr\/nouveaux-services\/nos-services-2\/\" class=\"octf-btn\">\r\n\t\t\t\tNos services\t\t\t\t\t\t\t<\/a>\r\n\t    <\/div>\r\n\t    \t\t\t\t<\/div>\n\t\t\t\t<\/div>\n\t\t\t\t<div class=\"elementor-element elementor-element-0659e05 elementor-align-left elementor-widget elementor-widget-ot-btn\" data-id=\"0659e05\" data-element_type=\"widget\" data-widget_type=\"ot-btn.default\">\n\t\t\t\t<div class=\"elementor-widget-container\">\n\t\t\t\t\t\t\t<div class=\"ot-button-wrapper\">\r\n\t\t\t<a href=\"https:\/\/algartoldos.pt\/fr\/nouveaux-services\/conception-de-solutions-bioclimatiques\/\" class=\"octf-btn\">\r\n\t\t\t\tConception de solutions bioclimatiques\t\t\t\t\t\t\t<\/a>\r\n\t    <\/div>\r\n\t    \t\t\t\t<\/div>\n\t\t\t\t<\/div>\n\t\t\t\t<div class=\"elementor-element elementor-element-18ae232 elementor-align-left elementor-widget elementor-widget-ot-btn\" data-id=\"18ae232\" data-element_type=\"widget\" data-widget_type=\"ot-btn.default\">\n\t\t\t\t<div class=\"elementor-widget-container\">\n\t\t\t\t\t\t\t<div class=\"ot-button-wrapper\">\r\n\t\t\t<a href=\"https:\/\/algartoldos.pt\/fr\/nouveaux-services\/developpement-de-projets-sur-mesure\/\" class=\"octf-btn\">\r\n\t\t\t\tD\u00e9veloppement de projets sur mesure\t\t\t\t\t\t\t<\/a>\r\n\t    <\/div>\r\n\t    \t\t\t\t<\/div>\n\t\t\t\t<\/div>\n\t\t\t\t<div class=\"elementor-element elementor-element-902d34d elementor-align-left elementor-widget elementor-widget-ot-btn\" data-id=\"902d34d\" data-element_type=\"widget\" data-widget_type=\"ot-btn.default\">\n\t\t\t\t<div class=\"elementor-widget-container\">\n\t\t\t\t\t\t\t<div class=\"ot-button-wrapper\">\r\n\t\t\t<a href=\"https:\/\/algartoldos.pt\/fr\/nouveaux-services\/fabrication-de-materiaux-de-haute-qualite\/\" class=\"octf-btn\">\r\n\t\t\t\tFabrication et mat\u00e9riaux de haute qualit\u00e9\t\t\t\t\t\t\t<\/a>\r\n\t    <\/div>\r\n\t    \t\t\t\t<\/div>\n\t\t\t\t<\/div>\n\t\t\t\t<div class=\"elementor-element elementor-element-adfa43f elementor-align-left elementor-widget elementor-widget-ot-btn\" data-id=\"adfa43f\" data-element_type=\"widget\" data-widget_type=\"ot-btn.default\">\n\t\t\t\t<div class=\"elementor-widget-container\">\n\t\t\t\t\t\t\t<div class=\"ot-button-wrapper\">\r\n\t\t\t<a href=\"https:\/\/algartoldos.pt\/fr\/nouveaux-services\/installation-professionnelle\/\" class=\"octf-btn\">\r\n\t\t\t\tInstallation professionnelle\t\t\t\t\t\t\t<\/a>\r\n\t    <\/div>\r\n\t    \t\t\t\t<\/div>\n\t\t\t\t<\/div>\n\t\t\t\t<div class=\"elementor-element elementor-element-89a813f elementor-align-left elementor-widget elementor-widget-ot-btn\" data-id=\"89a813f\" data-element_type=\"widget\" data-widget_type=\"ot-btn.default\">\n\t\t\t\t<div class=\"elementor-widget-container\">\n\t\t\t\t\t\t\t<div class=\"ot-button-wrapper\">\r\n\t\t\t<a href=\"https:\/\/algartoldos.pt\/fr\/nouveaux-services\/entretien-reparations-remplacements\/\" class=\"octf-btn\">\r\n\t\t\t\tEntretien, r\u00e9parations et remplacements\t\t\t\t\t\t\t<\/a>\r\n\t    <\/div>\r\n\t    \t\t\t\t<\/div>\n\t\t\t\t<\/div>\n\t\t\t\t<div class=\"elementor-element elementor-element-9f7e2d1 elementor-align-left elementor-widget elementor-widget-ot-btn\" data-id=\"9f7e2d1\" data-element_type=\"widget\" data-widget_type=\"ot-btn.default\">\n\t\t\t\t<div class=\"elementor-widget-container\">\n\t\t\t\t\t\t\t<div class=\"ot-button-wrapper\">\r\n\t\t\t<a href=\"https:\/\/algartoldos.pt\/fr\/nouveaux-services\/consultation-en-assistance-technique\/\" class=\"octf-btn\">\r\n\t\t\t\tAssistance technique et consultation\t\t\t\t\t\t\t<\/a>\r\n\t    <\/div>\r\n\t    \t\t\t\t<\/div>\n\t\t\t\t<\/div>\n\t\t\t\t<\/div>\n\t\t<div class=\"elementor-element elementor-element-c65783c e-con-full e-flex e-con e-child\" data-id=\"c65783c\" data-element_type=\"container\">\n\t\t<div class=\"elementor-element elementor-element-4a29bed e-flex e-con-boxed e-con e-child\" data-id=\"4a29bed\" data-element_type=\"container\">\n\t\t\t\t\t<div class=\"e-con-inner\">\n\t\t\t\t<div class=\"elementor-element elementor-element-f3ab8af elementor-widget elementor-widget-text-editor\" data-id=\"f3ab8af\" data-element_type=\"widget\" data-widget_type=\"text-editor.default\">\n\t\t\t\t\t\t\t\t\t<p data-start=\"190\" data-end=\"568\">Nous fabriquons tous nos syst\u00e8mes bioclimatiques, voiles d&#039;ombrage et auvents exclusivement \u00e0 partir de mat\u00e9riaux certifi\u00e9s de haute qualit\u00e9, garantissant durabilit\u00e9, performance et fiabilit\u00e9. Chaque composant est soigneusement s\u00e9lectionn\u00e9 pour r\u00e9sister aux intemp\u00e9ries (soleil, vent, pluie, etc.), assurant ainsi la fonctionnalit\u00e9 et l&#039;esth\u00e9tique de vos solutions d&#039;ombrage ext\u00e9rieur pour de nombreuses ann\u00e9es.<\/p><p data-start=\"570\" data-end=\"903\">Notre processus de fabrication allie techniques de pointe et savoir-faire artisanal, nous permettant de r\u00e9aliser des solutions sur mesure, parfaitement adapt\u00e9es aux sp\u00e9cifications de chaque projet. Chaque d\u00e9tail, de l&#039;int\u00e9grit\u00e9 structurelle aux finitions, est rigoureusement contr\u00f4l\u00e9 afin de garantir une qualit\u00e9 constante et de r\u00e9pondre aux normes les plus exigeantes du secteur.<\/p><p data-start=\"905\" data-end=\"1257\">En associant des mat\u00e9riaux haut de gamme \u00e0 une fabrication de pr\u00e9cision, nous garantissons \u00e0 tous nos syst\u00e8mes un confort, une protection et une durabilit\u00e9 exceptionnels. Notre engagement envers la qualit\u00e9 \u00e0 chaque \u00e9tape, de la s\u00e9lection des mat\u00e9riaux \u00e0 l&#039;assemblage final, assure \u00e0 votre investissement dans des solutions d&#039;ombrage ext\u00e9rieur une performance fiable, une s\u00e9curit\u00e9 optimale et une esth\u00e9tique irr\u00e9prochable.<\/p>\t\t\t\t\t\t\t\t<\/div>\n\t\t\t\t\t<\/div>\n\t\t\t\t<\/div>\n\t\t<div class=\"elementor-element elementor-element-abd8f58 e-flex e-con-boxed e-con e-child\" data-id=\"abd8f58\" data-element_type=\"container\">\n\t\t\t\t\t<div class=\"e-con-inner\">\n\t\t\t\t<div class=\"elementor-element elementor-element-7e386fe elementor-widget elementor-widget-image\" data-id=\"7e386fe\" data-element_type=\"widget\" data-widget_type=\"image.default\">\n\t\t\t\t\t\t\t\t\t\t\t\t\t\t\t<img fetchpriority=\"high\" decoding=\"async\" width=\"1024\" height=\"1536\" src=\"https:\/\/algartoldos.pt\/wp-content\/uploads\/2026\/01\/Manufacturing-High-Quality-Materials-1.png\" class=\"attachment-full size-full wp-image-7221\" alt=\"Fabrication et mat\u00e9riaux de haute qualit\u00e9\" srcset=\"https:\/\/algartoldos.pt\/wp-content\/uploads\/2026\/01\/Manufacturing-High-Quality-Materials-1.png 1024w, https:\/\/algartoldos.pt\/wp-content\/uploads\/2026\/01\/Manufacturing-High-Quality-Materials-1-200x300.png 200w, https:\/\/algartoldos.pt\/wp-content\/uploads\/2026\/01\/Manufacturing-High-Quality-Materials-1-683x1024.png 683w, https:\/\/algartoldos.pt\/wp-content\/uploads\/2026\/01\/Manufacturing-High-Quality-Materials-1-768x1152.png 768w, https:\/\/algartoldos.pt\/wp-content\/uploads\/2026\/01\/Manufacturing-High-Quality-Materials-1-8x12.png 8w\" sizes=\"(max-width: 1024px) 100vw, 1024px\" \/>\t\t\t\t\t\t\t\t\t\t\t\t\t\t\t<\/div>\n\t\t\t\t\t<\/div>\n\t\t\t\t<\/div>\n\t\t\t\t<\/div>\n\t\t\t\t\t<\/div>\n\t\t\t\t<\/div>\n\t\t<div class=\"elementor-element elementor-element-f261216 e-flex e-con-boxed e-con e-parent\" data-id=\"f261216\" data-element_type=\"container\" data-settings=\"{&quot;background_background&quot;:&quot;classic&quot;}\">\n\t\t\t\t\t<div class=\"e-con-inner\">\n\t\t\t\t<div class=\"elementor-element elementor-element-30042cf elementor-align-center elementor-widget elementor-widget-ot-btn\" data-id=\"30042cf\" data-element_type=\"widget\" data-widget_type=\"ot-btn.default\">\n\t\t\t\t<div class=\"elementor-widget-container\">\n\t\t\t\t\t\t\t<div class=\"ot-button-wrapper\">\r\n\t\t\t<a href=\"https:\/\/algartoldos.pt\/pt\/contact\/\" class=\"octf-btn with-icon\">\r\n\t\t\t\tDemander un devis\t\t\t\t\t\t\t\t\t<svg aria-hidden=\"true\" class=\"e-font-icon-svg e-fas-chevron-right\" viewbox=\"0 0 320 512\" xmlns=\"http:\/\/www.w3.org\/2000\/svg\"><path d=\"M285.476 272.971L91.132 467.314c-9.373 9.373-24.569 9.373-33.941 0l-22.667-22.667c-9.357-9.357-9.375-24.522-.04-33.901L188.505 256 34.484 101.255c-9.335-9.379-9.317-24.544.04-33.901l22.667-22.667c9.373-9.373 24.569-9.373 33.941 0L285.475 239.03c9.373 9.372 9.373 24.568.001 33.941z\"><\/path><\/svg>\t\t\t\t\t\t\t<\/a>\r\n\t    <\/div>\r\n\t    \t\t\t\t<\/div>\n\t\t\t\t<\/div>\n\t\t\t\t\t<\/div>\n\t\t\t\t<\/div>\n\t\t\t\t<\/div>","protected":false},"excerpt":{"rendered":"<p>Our Services Bioclimatic Solutions Design Custom Project Development Manufacturing &#038; High-Quality Materials Professional Installation Maintenance, Repairs &#038; Replacements Technical Support &#038; Consultation We manufacture all our bioclimatic systems, sail shades, and awnings using only high-quality, certified materials that guarantee durability, performance, and reliability. Each component is carefully selected to withstand sun exposure, wind, rain, and [&hellip;]<\/p>","protected":false},"author":1,"featured_media":0,"parent":2193,"menu_order":0,"comment_status":"closed","ping_status":"closed","template":"","meta":{"_acf_changed":false,"footnotes":""},"class_list":["post-1984","page","type-page","status-publish","hentry"],"acf":[],"yoast_head":"<!-- This site is optimized with the Yoast SEO Premium plugin v26.8 (Yoast SEO v26.8) - https:\/\/yoast.com\/product\/yoast-seo-premium-wordpress\/ -->\n<title>Manufacturing &amp; High-Quality<\/title>\n<meta name=\"description\" content=\"v\" \/>\n<meta name=\"robots\" content=\"index, follow, max-snippet:-1, max-image-preview:large, max-video-preview:-1\" \/>\n<link rel=\"canonical\" href=\"https:\/\/algartoldos.pt\/fr\/nouveaux-services\/fabrication-de-materiaux-de-haute-qualite\/\" \/>\n<meta property=\"og:locale\" content=\"fr_FR\" \/>\n<meta property=\"og:type\" content=\"article\" \/>\n<meta property=\"og:title\" content=\"Manufacturing &amp; High-Quality Materials\" \/>\n<meta property=\"og:description\" content=\"v\" \/>\n<meta property=\"og:url\" content=\"https:\/\/algartoldos.pt\/fr\/nouveaux-services\/fabrication-de-materiaux-de-haute-qualite\/\" \/>\n<meta property=\"og:site_name\" content=\"Algartoldos\" \/>\n<meta property=\"article:modified_time\" content=\"2026-01-22T00:30:47+00:00\" \/>\n<meta property=\"og:image\" content=\"https:\/\/algartoldos.pt\/wp-content\/uploads\/2026\/01\/Manufacturing-High-Quality-Materials-1-683x1024.png\" \/>\n\t<meta property=\"og:image:width\" content=\"683\" \/>\n\t<meta property=\"og:image:height\" content=\"1024\" \/>\n\t<meta property=\"og:image:type\" content=\"image\/png\" \/>\n<meta name=\"twitter:card\" content=\"summary_large_image\" \/>\n<meta name=\"twitter:label1\" content=\"Dur\u00e9e de lecture estim\u00e9e\" \/>\n\t<meta name=\"twitter:data1\" content=\"1 minute\" \/>\n<script type=\"application\/ld+json\" class=\"yoast-schema-graph\">{\"@context\":\"https:\/\/schema.org\",\"@graph\":[{\"@type\":\"WebPage\",\"@id\":\"https:\/\/algartoldos.pt\/services-new\/manufacturing-high-quality-materials\/\",\"url\":\"https:\/\/algartoldos.pt\/services-new\/manufacturing-high-quality-materials\/\",\"name\":\"Manufacturing & High-Quality\",\"isPartOf\":{\"@id\":\"https:\/\/algartoldos.pt\/#website\"},\"primaryImageOfPage\":{\"@id\":\"https:\/\/algartoldos.pt\/services-new\/manufacturing-high-quality-materials\/#primaryimage\"},\"image\":{\"@id\":\"https:\/\/algartoldos.pt\/services-new\/manufacturing-high-quality-materials\/#primaryimage\"},\"thumbnailUrl\":\"https:\/\/algartoldos.pt\/wp-content\/uploads\/2026\/01\/Manufacturing-High-Quality-Materials-1.png\",\"datePublished\":\"2023-12-13T08:49:15+00:00\",\"dateModified\":\"2026-01-22T00:30:47+00:00\",\"description\":\"v\",\"breadcrumb\":{\"@id\":\"https:\/\/algartoldos.pt\/services-new\/manufacturing-high-quality-materials\/#breadcrumb\"},\"inLanguage\":\"fr-FR\",\"potentialAction\":[{\"@type\":\"ReadAction\",\"target\":[\"https:\/\/algartoldos.pt\/services-new\/manufacturing-high-quality-materials\/\"]}]},{\"@type\":\"ImageObject\",\"inLanguage\":\"fr-FR\",\"@id\":\"https:\/\/algartoldos.pt\/services-new\/manufacturing-high-quality-materials\/#primaryimage\",\"url\":\"https:\/\/algartoldos.pt\/wp-content\/uploads\/2026\/01\/Manufacturing-High-Quality-Materials-1.png\",\"contentUrl\":\"https:\/\/algartoldos.pt\/wp-content\/uploads\/2026\/01\/Manufacturing-High-Quality-Materials-1.png\"},{\"@type\":\"BreadcrumbList\",\"@id\":\"https:\/\/algartoldos.pt\/services-new\/manufacturing-high-quality-materials\/#breadcrumb\",\"itemListElement\":[{\"@type\":\"ListItem\",\"position\":1,\"name\":\"Home\",\"item\":\"https:\/\/algartoldos.pt\/\"},{\"@type\":\"ListItem\",\"position\":2,\"name\":\"Services New\",\"item\":\"https:\/\/algartoldos.pt\/services-new\/\"},{\"@type\":\"ListItem\",\"position\":3,\"name\":\"Manufacturing &#038; High-Quality Materials\"}]},{\"@type\":\"WebSite\",\"@id\":\"https:\/\/algartoldos.pt\/#website\",\"url\":\"https:\/\/algartoldos.pt\/\",\"name\":\"Algartoldos\",\"description\":\"Algartoldos is part of the Sombriarte Group\",\"publisher\":{\"@id\":\"https:\/\/algartoldos.pt\/#organization\"},\"alternateName\":\"Bioclimaticas Toldos Algarve\",\"potentialAction\":[{\"@type\":\"SearchAction\",\"target\":{\"@type\":\"EntryPoint\",\"urlTemplate\":\"https:\/\/algartoldos.pt\/?s={search_term_string}\"},\"query-input\":{\"@type\":\"PropertyValueSpecification\",\"valueRequired\":true,\"valueName\":\"search_term_string\"}}],\"inLanguage\":\"fr-FR\"},{\"@type\":\"Organization\",\"@id\":\"https:\/\/algartoldos.pt\/#organization\",\"name\":\"Algartoldos\",\"alternateName\":\"Awnings & Bioclimatics Algarve Portugal\",\"url\":\"https:\/\/algartoldos.pt\/\",\"logo\":{\"@type\":\"ImageObject\",\"inLanguage\":\"fr-FR\",\"@id\":\"https:\/\/algartoldos.pt\/#\/schema\/logo\/image\/\",\"url\":\"https:\/\/algartoldos.pt\/wp-content\/uploads\/2023\/11\/logo-last-rect.jpg\",\"contentUrl\":\"https:\/\/algartoldos.pt\/wp-content\/uploads\/2023\/11\/logo-last-rect.jpg\",\"width\":844,\"height\":321,\"caption\":\"Algartoldos\"},\"image\":{\"@id\":\"https:\/\/algartoldos.pt\/#\/schema\/logo\/image\/\"},\"description\":\"Algartoldos is part of the Sombriarte Group and specializes in the design, manufacturing, installation, and maintenance of custom bioclimatic and outdoor shading solutions for residential and commercial properties. We provide complete, tailor-made solutions that enhance comfort, functionality, and aesthetics in outdoor spaces, adapting each project to local climate conditions and architectural requirements. Our services include bioclimatic pergolas, awnings, sail shades, vertical shading systems, glass enclosures, and custom aluminum structures. Each solution is carefully engineered to offer effective sun protection, natural ventilation, weather resistance, and long-term durability. We work with certified, high-quality materials and modern manufacturing techniques to ensure consistent performance and refined finishes. From the initial consultation and technical assessment to project planning, production, and professional installation, Algartoldos manages the entire process internally. Our experienced technical team ensures precise installation, safety compliance, and optimal system functionality. We also provide ongoing technical support, maintenance, repairs, and replacements, ensuring long-lasting performance and reliability. Serving both private clients and commercial sectors such as hotels, restaurants, caf\u00e9s, and resorts, Algartoldos is committed to delivering personalized outdoor shading solutions that improve outdoor living and add long-term value to properties. Our focus on quality, customization, and customer satisfaction makes us a trusted partner for bioclimatic and shading solutions in Portugal.\",\"email\":\"info@algartoldos.pt\",\"telephone\":\"+351 967 309 453\",\"legalName\":\"Sombriarte Unip. LDA\",\"foundingDate\":\"2005-03-15\",\"numberOfEmployees\":{\"@type\":\"QuantitativeValue\",\"minValue\":\"1\",\"maxValue\":\"10\"},\"publishingPrinciples\":\"https:\/\/algartoldos.pt\/products\/awnings\/\"}]}<\/script>\n<!-- \/ Yoast SEO Premium plugin. -->","yoast_head_json":{"title":"Fabrication et haute qualit\u00e9","description":"v","robots":{"index":"index","follow":"follow","max-snippet":"max-snippet:-1","max-image-preview":"max-image-preview:large","max-video-preview":"max-video-preview:-1"},"canonical":"https:\/\/algartoldos.pt\/fr\/nouveaux-services\/fabrication-de-materiaux-de-haute-qualite\/","og_locale":"fr_FR","og_type":"article","og_title":"Manufacturing & High-Quality Materials","og_description":"v","og_url":"https:\/\/algartoldos.pt\/fr\/nouveaux-services\/fabrication-de-materiaux-de-haute-qualite\/","og_site_name":"Algartoldos","article_modified_time":"2026-01-22T00:30:47+00:00","og_image":[{"width":683,"height":1024,"url":"https:\/\/algartoldos.pt\/wp-content\/uploads\/2026\/01\/Manufacturing-High-Quality-Materials-1-683x1024.png","type":"image\/png"}],"twitter_card":"summary_large_image","twitter_misc":{"Dur\u00e9e de lecture estim\u00e9e":"1 minute"},"schema":{"@context":"https:\/\/schema.org","@graph":[{"@type":"WebPage","@id":"https:\/\/algartoldos.pt\/services-new\/manufacturing-high-quality-materials\/","url":"https:\/\/algartoldos.pt\/services-new\/manufacturing-high-quality-materials\/","name":"Fabrication et haute qualit\u00e9","isPartOf":{"@id":"https:\/\/algartoldos.pt\/#website"},"primaryImageOfPage":{"@id":"https:\/\/algartoldos.pt\/services-new\/manufacturing-high-quality-materials\/#primaryimage"},"image":{"@id":"https:\/\/algartoldos.pt\/services-new\/manufacturing-high-quality-materials\/#primaryimage"},"thumbnailUrl":"https:\/\/algartoldos.pt\/wp-content\/uploads\/2026\/01\/Manufacturing-High-Quality-Materials-1.png","datePublished":"2023-12-13T08:49:15+00:00","dateModified":"2026-01-22T00:30:47+00:00","description":"v","breadcrumb":{"@id":"https:\/\/algartoldos.pt\/services-new\/manufacturing-high-quality-materials\/#breadcrumb"},"inLanguage":"fr-FR","potentialAction":[{"@type":"ReadAction","target":["https:\/\/algartoldos.pt\/services-new\/manufacturing-high-quality-materials\/"]}]},{"@type":"ImageObject","inLanguage":"fr-FR","@id":"https:\/\/algartoldos.pt\/services-new\/manufacturing-high-quality-materials\/#primaryimage","url":"https:\/\/algartoldos.pt\/wp-content\/uploads\/2026\/01\/Manufacturing-High-Quality-Materials-1.png","contentUrl":"https:\/\/algartoldos.pt\/wp-content\/uploads\/2026\/01\/Manufacturing-High-Quality-Materials-1.png"},{"@type":"BreadcrumbList","@id":"https:\/\/algartoldos.pt\/services-new\/manufacturing-high-quality-materials\/#breadcrumb","itemListElement":[{"@type":"ListItem","position":1,"name":"Home","item":"https:\/\/algartoldos.pt\/"},{"@type":"ListItem","position":2,"name":"Services New","item":"https:\/\/algartoldos.pt\/services-new\/"},{"@type":"ListItem","position":3,"name":"Manufacturing &#038; High-Quality Materials"}]},{"@type":"WebSite","@id":"https:\/\/algartoldos.pt\/#website","url":"https:\/\/algartoldos.pt\/","name":"Algartoldos","description":"Algartoldos fait partie du groupe Sombriarte","publisher":{"@id":"https:\/\/algartoldos.pt\/#organization"},"alternateName":"Bioclimaticas Toldos Algarve","potentialAction":[{"@type":"SearchAction","target":{"@type":"EntryPoint","urlTemplate":"https:\/\/algartoldos.pt\/?s={search_term_string}"},"query-input":{"@type":"PropertyValueSpecification","valueRequired":true,"valueName":"search_term_string"}}],"inLanguage":"fr-FR"},{"@type":"Organization","@id":"https:\/\/algartoldos.pt\/#organization","name":"Algartoldos","alternateName":"Awnings & Bioclimatics Algarve Portugal","url":"https:\/\/algartoldos.pt\/","logo":{"@type":"ImageObject","inLanguage":"fr-FR","@id":"https:\/\/algartoldos.pt\/#\/schema\/logo\/image\/","url":"https:\/\/algartoldos.pt\/wp-content\/uploads\/2023\/11\/logo-last-rect.jpg","contentUrl":"https:\/\/algartoldos.pt\/wp-content\/uploads\/2023\/11\/logo-last-rect.jpg","width":844,"height":321,"caption":"Algartoldos"},"image":{"@id":"https:\/\/algartoldos.pt\/#\/schema\/logo\/image\/"},"description":"Algartoldos, membre du groupe Sombriarte, est sp\u00e9cialis\u00e9 dans la conception, la fabrication, l&#039;installation et la maintenance de solutions bioclimatiques et de protection solaire ext\u00e9rieures sur mesure pour les propri\u00e9t\u00e9s r\u00e9sidentielles et commerciales. Nous proposons des solutions compl\u00e8tes et personnalis\u00e9es qui optimisent le confort, la fonctionnalit\u00e9 et l&#039;esth\u00e9tique des espaces ext\u00e9rieurs, en adaptant chaque projet aux conditions climatiques locales et aux exigences architecturales. Nos services incluent les pergolas bioclimatiques, les auvents, les voiles d&#039;ombrage, les syst\u00e8mes de protection solaire verticale, les v\u00e9randas et les structures en aluminium sur mesure. Chaque solution est con\u00e7ue avec soin pour offrir une protection solaire efficace, une ventilation naturelle, une r\u00e9sistance aux intemp\u00e9ries et une durabilit\u00e9 optimale. Nous utilisons des mat\u00e9riaux certifi\u00e9s de haute qualit\u00e9 et des techniques de fabrication modernes pour garantir des performances constantes et des finitions soign\u00e9es. De la consultation initiale et l&#039;\u00e9valuation technique \u00e0 la planification du projet, la production et l&#039;installation professionnelle, Algartoldos g\u00e8re l&#039;int\u00e9gralit\u00e9 du processus en interne. Notre \u00e9quipe technique exp\u00e9riment\u00e9e assure une installation pr\u00e9cise, le respect des normes de s\u00e9curit\u00e9 et un fonctionnement optimal du syst\u00e8me. Nous assurons \u00e9galement un support technique continu, la maintenance, les r\u00e9parations et les remplacements, garantissant ainsi une performance et une fiabilit\u00e9 durables. Au service des particuliers comme des professionnels (h\u00f4tels, restaurants, caf\u00e9s, complexes h\u00f4teliers, etc.), Algartoldos s&#039;engage \u00e0 fournir des solutions d&#039;ombrage ext\u00e9rieur personnalis\u00e9es qui am\u00e9liorent le confort en plein air et valorisent durablement les propri\u00e9t\u00e9s. Notre priorit\u00e9\u00a0: la qualit\u00e9, la personnalisation et la satisfaction client, faisant de nous un partenaire de confiance pour les solutions bioclimatiques et d&#039;ombrage au Portugal.","email":"info@algartoldos.pt","telephone":"+351 967 309 453","legalName":"Sombriarte Unip. LDA","foundingDate":"2005-03-15","numberOfEmployees":{"@type":"QuantitativeValue","minValue":"1","maxValue":"10"},"publishingPrinciples":"https:\/\/algartoldos.pt\/products\/awnings\/"}]}},"_links":{"self":[{"href":"https:\/\/algartoldos.pt\/fr\/wp-json\/wp\/v2\/pages\/1984","targetHints":{"allow":["GET"]}}],"collection":[{"href":"https:\/\/algartoldos.pt\/fr\/wp-json\/wp\/v2\/pages"}],"about":[{"href":"https:\/\/algartoldos.pt\/fr\/wp-json\/wp\/v2\/types\/page"}],"author":[{"embeddable":true,"href":"https:\/\/algartoldos.pt\/fr\/wp-json\/wp\/v2\/users\/1"}],"replies":[{"embeddable":true,"href":"https:\/\/algartoldos.pt\/fr\/wp-json\/wp\/v2\/comments?post=1984"}],"version-history":[{"count":13,"href":"https:\/\/algartoldos.pt\/fr\/wp-json\/wp\/v2\/pages\/1984\/revisions"}],"predecessor-version":[{"id":7224,"href":"https:\/\/algartoldos.pt\/fr\/wp-json\/wp\/v2\/pages\/1984\/revisions\/7224"}],"up":[{"embeddable":true,"href":"https:\/\/algartoldos.pt\/fr\/wp-json\/wp\/v2\/pages\/2193"}],"wp:attachment":[{"href":"https:\/\/algartoldos.pt\/fr\/wp-json\/wp\/v2\/media?parent=1984"}],"curies":[{"name":"wp","href":"https:\/\/api.w.org\/{rel}","templated":true}]}}