{"id":1984,"date":"2023-12-13T08:49:15","date_gmt":"2023-12-13T08:49:15","guid":{"rendered":"https:\/\/archi.oceanthemes.site\/?page_id=1984"},"modified":"2026-01-22T00:30:47","modified_gmt":"2026-01-22T00:30:47","slug":"fabricacao-de-materiais-de-alta-qualidade","status":"publish","type":"page","link":"https:\/\/algartoldos.pt\/pt\/novos-servicos\/fabricacao-de-materiais-de-alta-qualidade\/","title":{"rendered":"Fabrica\u00e7\u00e3o e Materiais de Alta Qualidade"},"content":{"rendered":"<div data-elementor-type=\"wp-page\" data-elementor-id=\"1984\" class=\"elementor elementor-1984\" data-elementor-post-type=\"page\">\n\t\t\t\t<div class=\"elementor-element elementor-element-7c2ac6c e-flex e-con-boxed e-con e-parent\" data-id=\"7c2ac6c\" data-element_type=\"container\" data-settings=\"{&quot;background_background&quot;:&quot;classic&quot;}\">\n\t\t\t\t\t<div class=\"e-con-inner\">\n\t\t<div class=\"elementor-element elementor-element-62857fc e-con-full e-flex e-con e-child\" data-id=\"62857fc\" data-element_type=\"container\">\n\t\t\t\t<div class=\"elementor-element elementor-element-4f7d2b1 elementor-align-left elementor-widget elementor-widget-ot-btn\" data-id=\"4f7d2b1\" data-element_type=\"widget\" data-widget_type=\"ot-btn.default\">\n\t\t\t\t<div class=\"elementor-widget-container\">\n\t\t\t\t\t\t\t<div class=\"ot-button-wrapper\">\r\n\t\t\t<a href=\"https:\/\/algartoldos.pt\/pt\/novos-servicos\/nossos-servicos-2\/\" class=\"octf-btn\">\r\n\t\t\t\tNossos Servi\u00e7os\t\t\t\t\t\t\t<\/a>\r\n\t    <\/div>\r\n\t    \t\t\t\t<\/div>\n\t\t\t\t<\/div>\n\t\t\t\t<div class=\"elementor-element elementor-element-0659e05 elementor-align-left elementor-widget elementor-widget-ot-btn\" data-id=\"0659e05\" data-element_type=\"widget\" data-widget_type=\"ot-btn.default\">\n\t\t\t\t<div class=\"elementor-widget-container\">\n\t\t\t\t\t\t\t<div class=\"ot-button-wrapper\">\r\n\t\t\t<a href=\"https:\/\/algartoldos.pt\/pt\/novos-servicos\/projeto-de-solucoes-bioclimaticas\/\" class=\"octf-btn\">\r\n\t\t\t\tProjeto de Solu\u00e7\u00f5es Bioclim\u00e1ticas\t\t\t\t\t\t\t<\/a>\r\n\t    <\/div>\r\n\t    \t\t\t\t<\/div>\n\t\t\t\t<\/div>\n\t\t\t\t<div class=\"elementor-element elementor-element-18ae232 elementor-align-left elementor-widget elementor-widget-ot-btn\" data-id=\"18ae232\" data-element_type=\"widget\" data-widget_type=\"ot-btn.default\">\n\t\t\t\t<div class=\"elementor-widget-container\">\n\t\t\t\t\t\t\t<div class=\"ot-button-wrapper\">\r\n\t\t\t<a href=\"https:\/\/algartoldos.pt\/pt\/novos-servicos\/desenvolvimento-de-projetos-personalizados\/\" class=\"octf-btn\">\r\n\t\t\t\tDesenvolvimento de Projetos Personalizados\t\t\t\t\t\t\t<\/a>\r\n\t    <\/div>\r\n\t    \t\t\t\t<\/div>\n\t\t\t\t<\/div>\n\t\t\t\t<div class=\"elementor-element elementor-element-902d34d elementor-align-left elementor-widget elementor-widget-ot-btn\" data-id=\"902d34d\" data-element_type=\"widget\" data-widget_type=\"ot-btn.default\">\n\t\t\t\t<div class=\"elementor-widget-container\">\n\t\t\t\t\t\t\t<div class=\"ot-button-wrapper\">\r\n\t\t\t<a href=\"https:\/\/algartoldos.pt\/pt\/novos-servicos\/fabricacao-de-materiais-de-alta-qualidade\/\" class=\"octf-btn\">\r\n\t\t\t\tFabrica\u00e7\u00e3o e Materiais de Alta Qualidade\t\t\t\t\t\t\t<\/a>\r\n\t    <\/div>\r\n\t    \t\t\t\t<\/div>\n\t\t\t\t<\/div>\n\t\t\t\t<div class=\"elementor-element elementor-element-adfa43f elementor-align-left elementor-widget elementor-widget-ot-btn\" data-id=\"adfa43f\" data-element_type=\"widget\" data-widget_type=\"ot-btn.default\">\n\t\t\t\t<div class=\"elementor-widget-container\">\n\t\t\t\t\t\t\t<div class=\"ot-button-wrapper\">\r\n\t\t\t<a href=\"https:\/\/algartoldos.pt\/pt\/novos-servicos\/instalacao-profissional\/\" class=\"octf-btn\">\r\n\t\t\t\tInstala\u00e7\u00e3o Profissional\t\t\t\t\t\t\t<\/a>\r\n\t    <\/div>\r\n\t    \t\t\t\t<\/div>\n\t\t\t\t<\/div>\n\t\t\t\t<div class=\"elementor-element elementor-element-89a813f elementor-align-left elementor-widget elementor-widget-ot-btn\" data-id=\"89a813f\" data-element_type=\"widget\" data-widget_type=\"ot-btn.default\">\n\t\t\t\t<div class=\"elementor-widget-container\">\n\t\t\t\t\t\t\t<div class=\"ot-button-wrapper\">\r\n\t\t\t<a href=\"https:\/\/algartoldos.pt\/pt\/novos-servicos\/manutencao-reparos-substituicoes\/\" class=\"octf-btn\">\r\n\t\t\t\tManuten\u00e7\u00e3o, Reparos e Substitui\u00e7\u00f5es\t\t\t\t\t\t\t<\/a>\r\n\t    <\/div>\r\n\t    \t\t\t\t<\/div>\n\t\t\t\t<\/div>\n\t\t\t\t<div class=\"elementor-element elementor-element-9f7e2d1 elementor-align-left elementor-widget elementor-widget-ot-btn\" data-id=\"9f7e2d1\" data-element_type=\"widget\" data-widget_type=\"ot-btn.default\">\n\t\t\t\t<div class=\"elementor-widget-container\">\n\t\t\t\t\t\t\t<div class=\"ot-button-wrapper\">\r\n\t\t\t<a href=\"https:\/\/algartoldos.pt\/pt\/novos-servicos\/consultoria-de-suporte-tecnico\/\" class=\"octf-btn\">\r\n\t\t\t\tSuporte t\u00e9cnico e consultoria\t\t\t\t\t\t\t<\/a>\r\n\t    <\/div>\r\n\t    \t\t\t\t<\/div>\n\t\t\t\t<\/div>\n\t\t\t\t<\/div>\n\t\t<div class=\"elementor-element elementor-element-c65783c e-con-full e-flex e-con e-child\" data-id=\"c65783c\" data-element_type=\"container\">\n\t\t<div class=\"elementor-element elementor-element-4a29bed e-flex e-con-boxed e-con e-child\" data-id=\"4a29bed\" data-element_type=\"container\">\n\t\t\t\t\t<div class=\"e-con-inner\">\n\t\t\t\t<div class=\"elementor-element elementor-element-f3ab8af elementor-widget elementor-widget-text-editor\" data-id=\"f3ab8af\" data-element_type=\"widget\" data-widget_type=\"text-editor.default\">\n\t\t\t\t\t\t\t\t\t<p data-start=\"190\" data-end=\"568\">Fabricamos todos os nossos sistemas bioclim\u00e1ticos, velas de sombreamento e toldos utilizando apenas materiais certificados de alta qualidade que garantem durabilidade, desempenho e confiabilidade. Cada componente \u00e9 cuidadosamente selecionado para resistir \u00e0 exposi\u00e7\u00e3o solar, vento, chuva e outras condi\u00e7\u00f5es clim\u00e1ticas, assegurando que suas solu\u00e7\u00f5es de sombreamento externo permane\u00e7am funcionais e visualmente atraentes por muitos anos.<\/p><p data-start=\"570\" data-end=\"903\">Nosso processo de fabrica\u00e7\u00e3o combina t\u00e9cnicas avan\u00e7adas com meticuloso trabalho artesanal, permitindo-nos produzir solu\u00e7\u00f5es personalizadas, adaptadas \u00e0s especifica\u00e7\u00f5es de cada projeto. Cada detalhe, da integridade estrutural aos acabamentos, \u00e9 cuidadosamente controlado para manter a qualidade consistente e atender aos mais altos padr\u00f5es da ind\u00fastria.<\/p><p data-start=\"905\" data-end=\"1257\">Ao combinar materiais de alta qualidade com fabrica\u00e7\u00e3o precisa, garantimos que todos os sistemas ofere\u00e7am conforto, prote\u00e7\u00e3o e durabilidade excepcionais. Nosso compromisso com a qualidade em todas as etapas \u2014 da sele\u00e7\u00e3o de materiais \u00e0 montagem final \u2014 garante que seu investimento em solu\u00e7\u00f5es de sombreamento externo proporcione desempenho confi\u00e1vel, seguran\u00e7a e excel\u00eancia est\u00e9tica.<\/p>\t\t\t\t\t\t\t\t<\/div>\n\t\t\t\t\t<\/div>\n\t\t\t\t<\/div>\n\t\t<div class=\"elementor-element elementor-element-abd8f58 e-flex e-con-boxed e-con e-child\" data-id=\"abd8f58\" data-element_type=\"container\">\n\t\t\t\t\t<div class=\"e-con-inner\">\n\t\t\t\t<div class=\"elementor-element elementor-element-7e386fe elementor-widget elementor-widget-image\" data-id=\"7e386fe\" data-element_type=\"widget\" data-widget_type=\"image.default\">\n\t\t\t\t\t\t\t\t\t\t\t\t\t\t\t<img fetchpriority=\"high\" decoding=\"async\" width=\"1024\" height=\"1536\" src=\"https:\/\/algartoldos.pt\/wp-content\/uploads\/2026\/01\/Manufacturing-High-Quality-Materials-1.png\" class=\"attachment-full size-full wp-image-7221\" alt=\"Fabrica\u00e7\u00e3o e Materiais de Alta Qualidade\" srcset=\"https:\/\/algartoldos.pt\/wp-content\/uploads\/2026\/01\/Manufacturing-High-Quality-Materials-1.png 1024w, https:\/\/algartoldos.pt\/wp-content\/uploads\/2026\/01\/Manufacturing-High-Quality-Materials-1-200x300.png 200w, https:\/\/algartoldos.pt\/wp-content\/uploads\/2026\/01\/Manufacturing-High-Quality-Materials-1-683x1024.png 683w, https:\/\/algartoldos.pt\/wp-content\/uploads\/2026\/01\/Manufacturing-High-Quality-Materials-1-768x1152.png 768w, https:\/\/algartoldos.pt\/wp-content\/uploads\/2026\/01\/Manufacturing-High-Quality-Materials-1-8x12.png 8w\" sizes=\"(max-width: 1024px) 100vw, 1024px\" \/>\t\t\t\t\t\t\t\t\t\t\t\t\t\t\t<\/div>\n\t\t\t\t\t<\/div>\n\t\t\t\t<\/div>\n\t\t\t\t<\/div>\n\t\t\t\t\t<\/div>\n\t\t\t\t<\/div>\n\t\t<div class=\"elementor-element elementor-element-f261216 e-flex e-con-boxed e-con e-parent\" data-id=\"f261216\" data-element_type=\"container\" data-settings=\"{&quot;background_background&quot;:&quot;classic&quot;}\">\n\t\t\t\t\t<div class=\"e-con-inner\">\n\t\t\t\t<div class=\"elementor-element elementor-element-30042cf elementor-align-center elementor-widget elementor-widget-ot-btn\" data-id=\"30042cf\" data-element_type=\"widget\" data-widget_type=\"ot-btn.default\">\n\t\t\t\t<div class=\"elementor-widget-container\">\n\t\t\t\t\t\t\t<div class=\"ot-button-wrapper\">\r\n\t\t\t<a href=\"https:\/\/algartoldos.pt\/pt\/contact\/\" class=\"octf-btn with-icon\">\r\n\t\t\t\tSolicite um or\u00e7amento\t\t\t\t\t\t\t\t\t<svg aria-hidden=\"true\" class=\"e-font-icon-svg e-fas-chevron-right\" viewbox=\"0 0 320 512\" xmlns=\"http:\/\/www.w3.org\/2000\/svg\"><path d=\"M285.476 272.971L91.132 467.314c-9.373 9.373-24.569 9.373-33.941 0l-22.667-22.667c-9.357-9.357-9.375-24.522-.04-33.901L188.505 256 34.484 101.255c-9.335-9.379-9.317-24.544.04-33.901l22.667-22.667c9.373-9.373 24.569-9.373 33.941 0L285.475 239.03c9.373 9.372 9.373 24.568.001 33.941z\"><\/path><\/svg>\t\t\t\t\t\t\t<\/a>\r\n\t    <\/div>\r\n\t    \t\t\t\t<\/div>\n\t\t\t\t<\/div>\n\t\t\t\t\t<\/div>\n\t\t\t\t<\/div>\n\t\t\t\t<\/div>","protected":false},"excerpt":{"rendered":"<p>Our Services Bioclimatic Solutions Design Custom Project Development Manufacturing &#038; High-Quality Materials Professional Installation Maintenance, Repairs &#038; Replacements Technical Support &#038; Consultation We manufacture all our bioclimatic systems, sail shades, and awnings using only high-quality, certified materials that guarantee durability, performance, and reliability. Each component is carefully selected to withstand sun exposure, wind, rain, and [&hellip;]<\/p>","protected":false},"author":1,"featured_media":0,"parent":2193,"menu_order":0,"comment_status":"closed","ping_status":"closed","template":"","meta":{"_acf_changed":false,"footnotes":""},"class_list":["post-1984","page","type-page","status-publish","hentry"],"acf":[],"yoast_head":"<!-- This site is optimized with the Yoast SEO Premium plugin v26.8 (Yoast SEO v26.8) - https:\/\/yoast.com\/product\/yoast-seo-premium-wordpress\/ -->\n<title>Manufacturing &amp; High-Quality<\/title>\n<meta name=\"description\" content=\"v\" \/>\n<meta name=\"robots\" content=\"index, follow, max-snippet:-1, max-image-preview:large, max-video-preview:-1\" \/>\n<link rel=\"canonical\" href=\"https:\/\/algartoldos.pt\/pt\/novos-servicos\/fabricacao-de-materiais-de-alta-qualidade\/\" \/>\n<meta property=\"og:locale\" content=\"pt_PT\" \/>\n<meta property=\"og:type\" content=\"article\" \/>\n<meta property=\"og:title\" content=\"Manufacturing &amp; High-Quality Materials\" \/>\n<meta property=\"og:description\" content=\"v\" \/>\n<meta property=\"og:url\" content=\"https:\/\/algartoldos.pt\/pt\/novos-servicos\/fabricacao-de-materiais-de-alta-qualidade\/\" \/>\n<meta property=\"og:site_name\" content=\"Algartoldos\" \/>\n<meta property=\"article:modified_time\" content=\"2026-01-22T00:30:47+00:00\" \/>\n<meta property=\"og:image\" content=\"https:\/\/algartoldos.pt\/wp-content\/uploads\/2026\/01\/Manufacturing-High-Quality-Materials-1-683x1024.png\" \/>\n\t<meta property=\"og:image:width\" content=\"683\" \/>\n\t<meta property=\"og:image:height\" content=\"1024\" \/>\n\t<meta property=\"og:image:type\" content=\"image\/png\" \/>\n<meta name=\"twitter:card\" content=\"summary_large_image\" \/>\n<meta name=\"twitter:label1\" content=\"Tempo estimado de leitura\" \/>\n\t<meta name=\"twitter:data1\" content=\"1 minuto\" \/>\n<script type=\"application\/ld+json\" class=\"yoast-schema-graph\">{\"@context\":\"https:\/\/schema.org\",\"@graph\":[{\"@type\":\"WebPage\",\"@id\":\"https:\/\/algartoldos.pt\/services-new\/manufacturing-high-quality-materials\/\",\"url\":\"https:\/\/algartoldos.pt\/services-new\/manufacturing-high-quality-materials\/\",\"name\":\"Manufacturing & High-Quality\",\"isPartOf\":{\"@id\":\"https:\/\/algartoldos.pt\/#website\"},\"primaryImageOfPage\":{\"@id\":\"https:\/\/algartoldos.pt\/services-new\/manufacturing-high-quality-materials\/#primaryimage\"},\"image\":{\"@id\":\"https:\/\/algartoldos.pt\/services-new\/manufacturing-high-quality-materials\/#primaryimage\"},\"thumbnailUrl\":\"https:\/\/algartoldos.pt\/wp-content\/uploads\/2026\/01\/Manufacturing-High-Quality-Materials-1.png\",\"datePublished\":\"2023-12-13T08:49:15+00:00\",\"dateModified\":\"2026-01-22T00:30:47+00:00\",\"description\":\"v\",\"breadcrumb\":{\"@id\":\"https:\/\/algartoldos.pt\/services-new\/manufacturing-high-quality-materials\/#breadcrumb\"},\"inLanguage\":\"pt-PT\",\"potentialAction\":[{\"@type\":\"ReadAction\",\"target\":[\"https:\/\/algartoldos.pt\/services-new\/manufacturing-high-quality-materials\/\"]}]},{\"@type\":\"ImageObject\",\"inLanguage\":\"pt-PT\",\"@id\":\"https:\/\/algartoldos.pt\/services-new\/manufacturing-high-quality-materials\/#primaryimage\",\"url\":\"https:\/\/algartoldos.pt\/wp-content\/uploads\/2026\/01\/Manufacturing-High-Quality-Materials-1.png\",\"contentUrl\":\"https:\/\/algartoldos.pt\/wp-content\/uploads\/2026\/01\/Manufacturing-High-Quality-Materials-1.png\"},{\"@type\":\"BreadcrumbList\",\"@id\":\"https:\/\/algartoldos.pt\/services-new\/manufacturing-high-quality-materials\/#breadcrumb\",\"itemListElement\":[{\"@type\":\"ListItem\",\"position\":1,\"name\":\"Home\",\"item\":\"https:\/\/algartoldos.pt\/\"},{\"@type\":\"ListItem\",\"position\":2,\"name\":\"Services New\",\"item\":\"https:\/\/algartoldos.pt\/services-new\/\"},{\"@type\":\"ListItem\",\"position\":3,\"name\":\"Manufacturing &#038; High-Quality Materials\"}]},{\"@type\":\"WebSite\",\"@id\":\"https:\/\/algartoldos.pt\/#website\",\"url\":\"https:\/\/algartoldos.pt\/\",\"name\":\"Algartoldos\",\"description\":\"Algartoldos is part of the Sombriarte Group\",\"publisher\":{\"@id\":\"https:\/\/algartoldos.pt\/#organization\"},\"alternateName\":\"Bioclimaticas Toldos Algarve\",\"potentialAction\":[{\"@type\":\"SearchAction\",\"target\":{\"@type\":\"EntryPoint\",\"urlTemplate\":\"https:\/\/algartoldos.pt\/?s={search_term_string}\"},\"query-input\":{\"@type\":\"PropertyValueSpecification\",\"valueRequired\":true,\"valueName\":\"search_term_string\"}}],\"inLanguage\":\"pt-PT\"},{\"@type\":\"Organization\",\"@id\":\"https:\/\/algartoldos.pt\/#organization\",\"name\":\"Algartoldos\",\"alternateName\":\"Awnings & Bioclimatics Algarve Portugal\",\"url\":\"https:\/\/algartoldos.pt\/\",\"logo\":{\"@type\":\"ImageObject\",\"inLanguage\":\"pt-PT\",\"@id\":\"https:\/\/algartoldos.pt\/#\/schema\/logo\/image\/\",\"url\":\"https:\/\/algartoldos.pt\/wp-content\/uploads\/2023\/11\/logo-last-rect.jpg\",\"contentUrl\":\"https:\/\/algartoldos.pt\/wp-content\/uploads\/2023\/11\/logo-last-rect.jpg\",\"width\":844,\"height\":321,\"caption\":\"Algartoldos\"},\"image\":{\"@id\":\"https:\/\/algartoldos.pt\/#\/schema\/logo\/image\/\"},\"description\":\"Algartoldos is part of the Sombriarte Group and specializes in the design, manufacturing, installation, and maintenance of custom bioclimatic and outdoor shading solutions for residential and commercial properties. We provide complete, tailor-made solutions that enhance comfort, functionality, and aesthetics in outdoor spaces, adapting each project to local climate conditions and architectural requirements. Our services include bioclimatic pergolas, awnings, sail shades, vertical shading systems, glass enclosures, and custom aluminum structures. Each solution is carefully engineered to offer effective sun protection, natural ventilation, weather resistance, and long-term durability. We work with certified, high-quality materials and modern manufacturing techniques to ensure consistent performance and refined finishes. From the initial consultation and technical assessment to project planning, production, and professional installation, Algartoldos manages the entire process internally. Our experienced technical team ensures precise installation, safety compliance, and optimal system functionality. We also provide ongoing technical support, maintenance, repairs, and replacements, ensuring long-lasting performance and reliability. Serving both private clients and commercial sectors such as hotels, restaurants, caf\u00e9s, and resorts, Algartoldos is committed to delivering personalized outdoor shading solutions that improve outdoor living and add long-term value to properties. Our focus on quality, customization, and customer satisfaction makes us a trusted partner for bioclimatic and shading solutions in Portugal.\",\"email\":\"info@algartoldos.pt\",\"telephone\":\"+351 967 309 453\",\"legalName\":\"Sombriarte Unip. LDA\",\"foundingDate\":\"2005-03-15\",\"numberOfEmployees\":{\"@type\":\"QuantitativeValue\",\"minValue\":\"1\",\"maxValue\":\"10\"},\"publishingPrinciples\":\"https:\/\/algartoldos.pt\/products\/awnings\/\"}]}<\/script>\n<!-- \/ Yoast SEO Premium plugin. -->","yoast_head_json":{"title":"Fabrica\u00e7\u00e3o e Alta Qualidade","description":"v","robots":{"index":"index","follow":"follow","max-snippet":"max-snippet:-1","max-image-preview":"max-image-preview:large","max-video-preview":"max-video-preview:-1"},"canonical":"https:\/\/algartoldos.pt\/pt\/novos-servicos\/fabricacao-de-materiais-de-alta-qualidade\/","og_locale":"pt_PT","og_type":"article","og_title":"Manufacturing & High-Quality Materials","og_description":"v","og_url":"https:\/\/algartoldos.pt\/pt\/novos-servicos\/fabricacao-de-materiais-de-alta-qualidade\/","og_site_name":"Algartoldos","article_modified_time":"2026-01-22T00:30:47+00:00","og_image":[{"width":683,"height":1024,"url":"https:\/\/algartoldos.pt\/wp-content\/uploads\/2026\/01\/Manufacturing-High-Quality-Materials-1-683x1024.png","type":"image\/png"}],"twitter_card":"summary_large_image","twitter_misc":{"Tempo estimado de leitura":"1 minuto"},"schema":{"@context":"https:\/\/schema.org","@graph":[{"@type":"WebPage","@id":"https:\/\/algartoldos.pt\/services-new\/manufacturing-high-quality-materials\/","url":"https:\/\/algartoldos.pt\/services-new\/manufacturing-high-quality-materials\/","name":"Fabrica\u00e7\u00e3o e Alta Qualidade","isPartOf":{"@id":"https:\/\/algartoldos.pt\/#website"},"primaryImageOfPage":{"@id":"https:\/\/algartoldos.pt\/services-new\/manufacturing-high-quality-materials\/#primaryimage"},"image":{"@id":"https:\/\/algartoldos.pt\/services-new\/manufacturing-high-quality-materials\/#primaryimage"},"thumbnailUrl":"https:\/\/algartoldos.pt\/wp-content\/uploads\/2026\/01\/Manufacturing-High-Quality-Materials-1.png","datePublished":"2023-12-13T08:49:15+00:00","dateModified":"2026-01-22T00:30:47+00:00","description":"v","breadcrumb":{"@id":"https:\/\/algartoldos.pt\/services-new\/manufacturing-high-quality-materials\/#breadcrumb"},"inLanguage":"pt-PT","potentialAction":[{"@type":"ReadAction","target":["https:\/\/algartoldos.pt\/services-new\/manufacturing-high-quality-materials\/"]}]},{"@type":"ImageObject","inLanguage":"pt-PT","@id":"https:\/\/algartoldos.pt\/services-new\/manufacturing-high-quality-materials\/#primaryimage","url":"https:\/\/algartoldos.pt\/wp-content\/uploads\/2026\/01\/Manufacturing-High-Quality-Materials-1.png","contentUrl":"https:\/\/algartoldos.pt\/wp-content\/uploads\/2026\/01\/Manufacturing-High-Quality-Materials-1.png"},{"@type":"BreadcrumbList","@id":"https:\/\/algartoldos.pt\/services-new\/manufacturing-high-quality-materials\/#breadcrumb","itemListElement":[{"@type":"ListItem","position":1,"name":"Home","item":"https:\/\/algartoldos.pt\/"},{"@type":"ListItem","position":2,"name":"Services New","item":"https:\/\/algartoldos.pt\/services-new\/"},{"@type":"ListItem","position":3,"name":"Manufacturing &#038; High-Quality Materials"}]},{"@type":"WebSite","@id":"https:\/\/algartoldos.pt\/#website","url":"https:\/\/algartoldos.pt\/","name":"Algartoldos","description":"A Algartoldos faz parte do Grupo Sombriarte","publisher":{"@id":"https:\/\/algartoldos.pt\/#organization"},"alternateName":"Bioclimaticas Toldos Algarve","potentialAction":[{"@type":"SearchAction","target":{"@type":"EntryPoint","urlTemplate":"https:\/\/algartoldos.pt\/?s={search_term_string}"},"query-input":{"@type":"PropertyValueSpecification","valueRequired":true,"valueName":"search_term_string"}}],"inLanguage":"pt-PT"},{"@type":"Organization","@id":"https:\/\/algartoldos.pt\/#organization","name":"Algartoldos","alternateName":"Awnings & Bioclimatics Algarve Portugal","url":"https:\/\/algartoldos.pt\/","logo":{"@type":"ImageObject","inLanguage":"pt-PT","@id":"https:\/\/algartoldos.pt\/#\/schema\/logo\/image\/","url":"https:\/\/algartoldos.pt\/wp-content\/uploads\/2023\/11\/logo-last-rect.jpg","contentUrl":"https:\/\/algartoldos.pt\/wp-content\/uploads\/2023\/11\/logo-last-rect.jpg","width":844,"height":321,"caption":"Algartoldos"},"image":{"@id":"https:\/\/algartoldos.pt\/#\/schema\/logo\/image\/"},"description":"A Algartoldos faz parte do Grupo Sombriarte e \u00e9 especializada no projeto, fabrica\u00e7\u00e3o, instala\u00e7\u00e3o e manuten\u00e7\u00e3o de solu\u00e7\u00f5es personalizadas de sombreamento bioclim\u00e1tico e para \u00e1reas externas, tanto residenciais quanto comerciais. Oferecemos solu\u00e7\u00f5es completas e sob medida que aprimoram o conforto, a funcionalidade e a est\u00e9tica dos espa\u00e7os externos, adaptando cada projeto \u00e0s condi\u00e7\u00f5es clim\u00e1ticas locais e \u00e0s exig\u00eancias arquitet\u00f4nicas. Nossos servi\u00e7os incluem p\u00e9rgolas bioclim\u00e1ticas, toldos, velas de sombreamento, sistemas de sombreamento vertical, fechamentos em vidro e estruturas de alum\u00ednio personalizadas. Cada solu\u00e7\u00e3o \u00e9 cuidadosamente projetada para oferecer prote\u00e7\u00e3o solar eficaz, ventila\u00e7\u00e3o natural, resist\u00eancia \u00e0s intemp\u00e9ries e durabilidade a longo prazo. Trabalhamos com materiais certificados de alta qualidade e t\u00e9cnicas de fabrica\u00e7\u00e3o modernas para garantir desempenho consistente e acabamentos refinados. Desde a consulta inicial e avalia\u00e7\u00e3o t\u00e9cnica at\u00e9 o planejamento do projeto, produ\u00e7\u00e3o e instala\u00e7\u00e3o profissional, a Algartoldos gerencia todo o processo internamente. Nossa experiente equipe t\u00e9cnica garante instala\u00e7\u00e3o precisa, conformidade com as normas de seguran\u00e7a e funcionalidade ideal do sistema. Tamb\u00e9m oferecemos suporte t\u00e9cnico cont\u00ednuo, manuten\u00e7\u00e3o, reparos e substitui\u00e7\u00f5es, assegurando desempenho e confiabilidade duradouros. Atendendo tanto clientes particulares quanto o setor comercial, como hot\u00e9is, restaurantes, caf\u00e9s e resorts, a Algartoldos se dedica a fornecer solu\u00e7\u00f5es personalizadas de sombreamento para \u00e1reas externas, que melhoram o conforto ao ar livre e agregam valor aos im\u00f3veis a longo prazo. Nosso foco em qualidade, personaliza\u00e7\u00e3o e satisfa\u00e7\u00e3o do cliente nos torna um parceiro de confian\u00e7a em solu\u00e7\u00f5es bioclim\u00e1ticas e de sombreamento em Portugal.","email":"info@algartoldos.pt","telephone":"+351 967 309 453","legalName":"Sombriarte Unip. LDA","foundingDate":"2005-03-15","numberOfEmployees":{"@type":"QuantitativeValue","minValue":"1","maxValue":"10"},"publishingPrinciples":"https:\/\/algartoldos.pt\/products\/awnings\/"}]}},"_links":{"self":[{"href":"https:\/\/algartoldos.pt\/pt\/wp-json\/wp\/v2\/pages\/1984","targetHints":{"allow":["GET"]}}],"collection":[{"href":"https:\/\/algartoldos.pt\/pt\/wp-json\/wp\/v2\/pages"}],"about":[{"href":"https:\/\/algartoldos.pt\/pt\/wp-json\/wp\/v2\/types\/page"}],"author":[{"embeddable":true,"href":"https:\/\/algartoldos.pt\/pt\/wp-json\/wp\/v2\/users\/1"}],"replies":[{"embeddable":true,"href":"https:\/\/algartoldos.pt\/pt\/wp-json\/wp\/v2\/comments?post=1984"}],"version-history":[{"count":13,"href":"https:\/\/algartoldos.pt\/pt\/wp-json\/wp\/v2\/pages\/1984\/revisions"}],"predecessor-version":[{"id":7224,"href":"https:\/\/algartoldos.pt\/pt\/wp-json\/wp\/v2\/pages\/1984\/revisions\/7224"}],"up":[{"embeddable":true,"href":"https:\/\/algartoldos.pt\/pt\/wp-json\/wp\/v2\/pages\/2193"}],"wp:attachment":[{"href":"https:\/\/algartoldos.pt\/pt\/wp-json\/wp\/v2\/media?parent=1984"}],"curies":[{"name":"wp","href":"https:\/\/api.w.org\/{rel}","templated":true}]}}